{"id":1911,"date":"2021-02-04T10:39:43","date_gmt":"2021-02-04T09:39:43","guid":{"rendered":"https:\/\/www.scot-saonedombes.fr\/val-saone-dombes\/?page_id=1911"},"modified":"2021-02-04T12:24:20","modified_gmt":"2021-02-04T11:24:20","slug":"les-evolutions-du-scot-au-fil-du-temps","status":"publish","type":"page","link":"https:\/\/www.scot-saonedombes.fr\/val-saone-dombes\/les-evolutions-du-scot-au-fil-du-temps\/","title":{"rendered":"Chronologie des \u00e9tapes cl\u00e9s du SCoT"},"content":{"rendered":"\n<p>Le SCoT s\u2019inscrit dans une \u00e9volution progressive de la planification,&nbsp;d\u2019un urbanisme de zonage \u00e0 un urbanisme de projet.<\/p>\n\n\n\n<p><strong>Du SDAU au SCoT<\/strong><\/p>\n\n\n\n<p>La Loi d\u2019Orientation Fonci\u00e8re (LOF) de 1967 a d\u2019abord cr\u00e9\u00e9 les&nbsp;Sch\u00e9mas Directeurs d\u2019Am\u00e9nagement et d\u2019Urbanisme&nbsp;(SDAU), relay\u00e9s \u00e0 l\u2019\u00e9chelle de la commune par les Plans d\u2019Occupation des Sols (POS) ; <strong>Le SDAU \u00ab&nbsp;Beaujolais-Val de Sa\u00f4ne&nbsp;\u00bb<\/strong>, lanc\u00e9 en 1974,&nbsp;est n\u00e9 de cette g\u00e9n\u00e9ration de document.<\/p>\n\n\n\n<p>La&nbsp;Loi Solidarit\u00e9 et Renouvellement Urbain&nbsp;(SRU) du 13 janvier 2000 remplace le Sch\u00e9ma Directeur par le&nbsp;Sch\u00e9ma de Coh\u00e9rence Territoriale (SCoT). Elle transforme profond\u00e9ment l\u2019approche de la planification territoriale, de la simple fixation de la destination g\u00e9n\u00e9rale des sols \u00e0 l\u2019expression d\u2019un v\u00e9ritable&nbsp;projet de d\u00e9veloppement&nbsp;local et transversal.<\/p>\n\n\n\n<p>Le 18 septembre 2002, les \u00e9lus ont d\u00e9lib\u00e9r\u00e9 pour lancer <strong>l\u2019\u00e9laboration du SCoT Val de Sa\u00f4ne-Dombes<\/strong>.<\/p>\n\n\n\n<p><strong>Approbation du Sch\u00e9ma de Coh\u00e9rence Territoriale V1<\/strong><\/p>\n\n\n\n<p>Le SCoT Val de Sa\u00f4ne-Dombes dans sa 1\u00e8re version a \u00e9t\u00e9 approuv\u00e9 par d\u00e9lib\u00e9ration du comit\u00e9 syndical le 7 juillet 2006.<\/p>\n\n\n\n<p><strong>Modification N\u00b01 du SCOT<\/strong><\/p>\n\n\n\n<p>Engag\u00e9e en novembre 2008, la&nbsp;proc\u00e9dure de modification du SCOT, visant \u00e0 rendre ses dispositions compatibles avec la DTA de l\u2019aire m\u00e9tropolitaine lyonnaise, a \u00e9t\u00e9 approuv\u00e9e le 18 f\u00e9vrier 2010.<\/p>\n\n\n\n<p><strong>Modification N\u00b02 du SCoT<\/strong><\/p>\n\n\n\n<p>La seconde&nbsp;proc\u00e9dure de modification du SCoT visait \u00e0 int\u00e9grer au SCoT un document d\u2019am\u00e9nagement commercial. Elle \u00e9t\u00e9 approuv\u00e9e le 28 mars 2013.<\/p>\n\n\n\n<p><strong>Modification du p\u00e9rim\u00e8tre du SCoT<\/strong><\/p>\n\n\n\n<p>En 2014, suite \u00e0 deux arr\u00eat\u00e9s pr\u00e9fectoraux, le p\u00e9rim\u00e8tre du SCoT est modifi\u00e9. Les communes de Chaneins et Valeins rejoignent le SCoT de la Dombes, Jassans-Riottier rejoint le SCoT du Beaujolais. Emportant r\u00e9duction du p\u00e9rim\u00e8tre du SCoT Val de Sa\u00f4ne-Dombes, qui s\u2019\u00e9tend aujourd&rsquo;hui sur 34 communes.<\/p>\n\n\n\n<p><strong>R\u00e9vision du SCoT<\/strong><\/p>\n\n\n\n<p>Le 2 juillet 2014, les \u00e9lus ont prescrit la r\u00e9vision du SCoT, apr\u00e8s avoir proc\u00e9d\u00e9 \u00e0 l\u2019analyse de la mise en \u0153uvre du SCoT. Il a \u00e9t\u00e9 approuv\u00e9 \u00e0 l\u2019unanimit\u00e9 le 20 f\u00e9vrier 2020.<\/p>\n","protected":false},"excerpt":{"rendered":"<p>Le SCoT s\u2019inscrit dans une \u00e9volution progressive de la planification,&nbsp;d\u2019un urbanisme de zonage \u00e0 un urbanisme de projet. Du SDAU au SCoT La Loi d\u2019Orientation Fonci\u00e8re (LOF) de 1967 a d\u2019abord cr\u00e9\u00e9 les&nbsp;Sch\u00e9mas Directeurs d\u2019Am\u00e9nagement et d\u2019Urbanisme&nbsp;(SDAU), relay\u00e9s \u00e0 l\u2019\u00e9chelle de la commune par les Plans d\u2019Occupation des Sols (POS) ; Le SDAU \u00ab&nbsp;Beaujolais-Val de [&hellip;]<\/p>\n","protected":false},"author":4,"featured_media":0,"parent":0,"menu_order":0,"comment_status":"closed","ping_status":"closed","template":"","meta":{"_et_pb_use_builder":"off","_et_pb_old_content":"","_et_gb_content_width":"","footnotes":""},"class_list":["post-1911","page","type-page","status-publish","hentry"],"_links":{"self":[{"href":"https:\/\/www.scot-saonedombes.fr\/val-saone-dombes\/wp-json\/wp\/v2\/pages\/1911","targetHints":{"allow":["GET"]}}],"collection":[{"href":"https:\/\/www.scot-saonedombes.fr\/val-saone-dombes\/wp-json\/wp\/v2\/pages"}],"about":[{"href":"https:\/\/www.scot-saonedombes.fr\/val-saone-dombes\/wp-json\/wp\/v2\/types\/page"}],"author":[{"embeddable":true,"href":"https:\/\/www.scot-saonedombes.fr\/val-saone-dombes\/wp-json\/wp\/v2\/users\/4"}],"replies":[{"embeddable":true,"href":"https:\/\/www.scot-saonedombes.fr\/val-saone-dombes\/wp-json\/wp\/v2\/comments?post=1911"}],"version-history":[{"count":5,"href":"https:\/\/www.scot-saonedombes.fr\/val-saone-dombes\/wp-json\/wp\/v2\/pages\/1911\/revisions"}],"predecessor-version":[{"id":1920,"href":"https:\/\/www.scot-saonedombes.fr\/val-saone-dombes\/wp-json\/wp\/v2\/pages\/1911\/revisions\/1920"}],"wp:attachment":[{"href":"https:\/\/www.scot-saonedombes.fr\/val-saone-dombes\/wp-json\/wp\/v2\/media?parent=1911"}],"curies":[{"name":"wp","href":"https:\/\/api.w.org\/{rel}","templated":true}]}}