{"id":1618,"date":"2020-11-24T08:29:10","date_gmt":"2020-11-24T07:29:10","guid":{"rendered":"https:\/\/dev.scot-saonedombes.fr\/?page_id=1618"},"modified":"2021-02-03T15:44:59","modified_gmt":"2021-02-03T14:44:59","slug":"la-demarche-inter-scot","status":"publish","type":"page","link":"https:\/\/www.scot-saonedombes.fr\/val-saone-dombes\/des-territoires-des-projets\/articuler-le-scot-avec-dautres-projets-de-territoire\/la-demarche-inter-scot\/","title":{"rendered":"La d\u00e9marche Inter-SCOT"},"content":{"rendered":"\n<p>Le fonctionnement \u00e9largi et int\u00e9gr\u00e9 de la m\u00e9tropole lyonnaise se heurte au<strong>&nbsp;morcellement des territoires institutionnels<\/strong>&nbsp;(communes, intercommunalit\u00e9s, d\u00e9partements&#8230;). Ce \u00ab millefeuille \u00bb ne facilite pas une approche globale et coh\u00e9rente de l&rsquo;am\u00e9nagement \u00e0 cette \u00e9chelle et n\u00e9cessite, par cons\u00e9quent, une coordination entre les exercices de planification territoriale, et notamment les SCOTs. Un&nbsp;<strong>dispositif de gouvernance<\/strong>&nbsp;unique est n\u00e9 de ce constat en 2003:&nbsp;<strong>l&rsquo;Interscot<\/strong>.<\/p>\n\n\n\n<p class=\"has-text-align-left\"><img loading=\"lazy\" decoding=\"async\" width=\"266\" height=\"208\" src=\"http:\/\/www.scot-saonedombes.fr\/uploads\/images\/Rencontre-Presidents-Interscot.JPG\" alt=\"8\u00e8me Rencontre des Pr\u00e9sidents de l'Interscot, Saint Bernard (01)\"><br>Instance de mutualisation des connaissances, de coordination et de mise en coh\u00e9rence des projets d&rsquo;am\u00e9nagement des\u00a0<strong>13 SCoT de l&rsquo;aire m\u00e9tropolitaine lyonnaise<\/strong>, cette d\u00e9marche s&rsquo;articule autour de deux instances :<\/p>\n\n\n\n<ul class=\"wp-block-list\"><li>Les \u00ab\u00a0<strong>Comit\u00e9s techniques<\/strong>\u00a0\u00bb, regroupant les techniciens des SCoT, de l&rsquo;agence d&rsquo;urbanisme et des structures associ\u00e9es <\/li><li>Les \u00ab\u00a0<strong>Rencontres des Pr\u00e9sidents<\/strong>\u00a0\u00bb, qui ont pour but d&rsquo;amener les \u00e9lus \u00e0 d\u00e9battre de probl\u00e9matiques communes<\/li><\/ul>\n\n\n\n<p><strong>Anim\u00e9e par l&rsquo;Agence d&rsquo;urbanisme<\/strong>\u00a0pour le d\u00e9veloppement de l&rsquo;agglom\u00e9ration lyonnaise, la d\u00e9marche regroupe les SCoT autour d&rsquo;un projet et des objectifs partag\u00e9s :\u00a0le chapitre commun. Depuis son lancement en 2003, la d\u00e9marche a permis la r\u00e9alisation d&rsquo;un ensemble d&rsquo;\u00e9tudes et de travaux communs.<\/p>\n\n\n\n<p>Le territoire de l&rsquo;Interscot couvre\u00a0<strong>treize SCoT<\/strong>\u00a0:<\/p>\n\n\n\n<figure class=\"wp-block-image size-large\"><img loading=\"lazy\" decoding=\"async\" width=\"1024\" height=\"802\" src=\"http:\/\/www.www.scot-saonedombes.fr\/val-saone-dombes\/wp-content\/uploads\/sites\/5\/2020\/12\/Carte-pA\u00a9rimA\u00a8tre-Interscot-2011-1024x802.jpg\" alt=\"\" class=\"wp-image-1729\" srcset=\"https:\/\/www.scot-saonedombes.fr\/val-saone-dombes\/wp-content\/uploads\/sites\/5\/2020\/12\/Carte-pA\u00a9rimA\u00a8tre-Interscot-2011-1024x802.jpg 1024w, https:\/\/www.scot-saonedombes.fr\/val-saone-dombes\/wp-content\/uploads\/sites\/5\/2020\/12\/Carte-pA\u00a9rimA\u00a8tre-Interscot-2011-300x235.jpg 300w, https:\/\/www.scot-saonedombes.fr\/val-saone-dombes\/wp-content\/uploads\/sites\/5\/2020\/12\/Carte-pA\u00a9rimA\u00a8tre-Interscot-2011-768x601.jpg 768w, https:\/\/www.scot-saonedombes.fr\/val-saone-dombes\/wp-content\/uploads\/sites\/5\/2020\/12\/Carte-pA\u00a9rimA\u00a8tre-Interscot-2011-1080x845.jpg 1080w, https:\/\/www.scot-saonedombes.fr\/val-saone-dombes\/wp-content\/uploads\/sites\/5\/2020\/12\/Carte-pA\u00a9rimA\u00a8tre-Interscot-2011-1280x1002.jpg 1280w, https:\/\/www.scot-saonedombes.fr\/val-saone-dombes\/wp-content\/uploads\/sites\/5\/2020\/12\/Carte-pA\u00a9rimA\u00a8tre-Interscot-2011-980x767.jpg 980w, https:\/\/www.scot-saonedombes.fr\/val-saone-dombes\/wp-content\/uploads\/sites\/5\/2020\/12\/Carte-pA\u00a9rimA\u00a8tre-Interscot-2011-480x376.jpg 480w, https:\/\/www.scot-saonedombes.fr\/val-saone-dombes\/wp-content\/uploads\/sites\/5\/2020\/12\/Carte-pA\u00a9rimA\u00a8tre-Interscot-2011.jpg 1533w\" sizes=\"(max-width: 1024px) 100vw, 1024px\" \/><\/figure>\n\n\n\n<ul class=\"wp-block-list\"><li><a href=\"http:\/\/www.scot-agglolyon.com\/\">Agglom\u00e9ration Lyonnaise<\/a><\/li><li><a href=\"http:\/\/www.paysbeaujolais.com\/france\/DT1166515164\/page\/Le-Schema-de-Coherence-Territoriale-Beaujolais---.html\">Beaujolais<\/a><\/li><li><a href=\"http:\/\/www.symbord.fr\/\">Boucle du Rh\u00f4ne en Dauphin\u00e9<\/a><\/li><li><a href=\"http:\/\/www.bucopa.fr\/\">Bugey-C\u00f4ti\u00e8re-Plaine de l&rsquo;Ain&nbsp;<\/a><\/li><li><a href=\"http:\/\/www.scot-saonedombes.fr\/scot-d.html\">La Dombes<\/a><\/li><li><a href=\"http:\/\/www.scot-nordisere.fr\/\">Nord-Is\u00e8re&nbsp;<\/a><\/li><li><a href=\"http:\/\/www.ouestlyonnais-accolade.fr\/france\/DT1190722647\/page\/Le-syndicat-de-l-Ouest-Lyonnais.html\" target=\"_blank\" rel=\"noreferrer noopener\">Ouest Lyonnais<\/a><\/li><li><a href=\"http:\/\/www.scot-rivesdurhone.com\/\">Rives du Rh\u00f4ne<\/a><\/li><li><a href=\"http:\/\/www.scot-sudloire.fr\/\">Sud Loire<\/a><\/li><li><a href=\"http:\/\/www.scot-saonedombes.fr\/scot-vsd.html\">Val de Sa\u00f4ne-Dombes<\/a><\/li><li><a href=\"http:\/\/www.scotroannais.fr\/\">Roannais<\/a><\/li><li><a href=\"http:\/\/www.monts-du-lyonnais.fr\/spip.php?page=imprimer&amp;id_rubrique=24\" target=\"_blank\" rel=\"noreferrer noopener\">Monts du Lyonnais<\/a><\/li><li><a href=\"http:\/\/www.scotloirecentre.com\/\" target=\"_blank\" rel=\"noreferrer noopener\">Loire Centre<\/a><\/li><\/ul>\n","protected":false},"excerpt":{"rendered":"<p>Le fonctionnement \u00e9largi et int\u00e9gr\u00e9 de la m\u00e9tropole lyonnaise se heurte au&nbsp;morcellement des territoires institutionnels&nbsp;(communes, intercommunalit\u00e9s, d\u00e9partements&#8230;). Ce \u00ab millefeuille \u00bb ne facilite pas une approche globale et coh\u00e9rente de l&rsquo;am\u00e9nagement \u00e0 cette \u00e9chelle et n\u00e9cessite, par cons\u00e9quent, une coordination entre les exercices de planification territoriale, et notamment les SCOTs. Un&nbsp;dispositif de gouvernance&nbsp;unique est n\u00e9 [&hellip;]<\/p>\n","protected":false},"author":1,"featured_media":0,"parent":1612,"menu_order":0,"comment_status":"closed","ping_status":"closed","template":"","meta":{"_et_pb_use_builder":"off","_et_pb_old_content":"","_et_gb_content_width":"","footnotes":""},"class_list":["post-1618","page","type-page","status-publish","hentry"],"_links":{"self":[{"href":"https:\/\/www.scot-saonedombes.fr\/val-saone-dombes\/wp-json\/wp\/v2\/pages\/1618","targetHints":{"allow":["GET"]}}],"collection":[{"href":"https:\/\/www.scot-saonedombes.fr\/val-saone-dombes\/wp-json\/wp\/v2\/pages"}],"about":[{"href":"https:\/\/www.scot-saonedombes.fr\/val-saone-dombes\/wp-json\/wp\/v2\/types\/page"}],"author":[{"embeddable":true,"href":"https:\/\/www.scot-saonedombes.fr\/val-saone-dombes\/wp-json\/wp\/v2\/users\/1"}],"replies":[{"embeddable":true,"href":"https:\/\/www.scot-saonedombes.fr\/val-saone-dombes\/wp-json\/wp\/v2\/comments?post=1618"}],"version-history":[{"count":4,"href":"https:\/\/www.scot-saonedombes.fr\/val-saone-dombes\/wp-json\/wp\/v2\/pages\/1618\/revisions"}],"predecessor-version":[{"id":1889,"href":"https:\/\/www.scot-saonedombes.fr\/val-saone-dombes\/wp-json\/wp\/v2\/pages\/1618\/revisions\/1889"}],"up":[{"embeddable":true,"href":"https:\/\/www.scot-saonedombes.fr\/val-saone-dombes\/wp-json\/wp\/v2\/pages\/1612"}],"wp:attachment":[{"href":"https:\/\/www.scot-saonedombes.fr\/val-saone-dombes\/wp-json\/wp\/v2\/media?parent=1618"}],"curies":[{"name":"wp","href":"https:\/\/api.w.org\/{rel}","templated":true}]}}