{"id":1616,"date":"2020-11-24T08:28:31","date_gmt":"2020-11-24T07:28:31","guid":{"rendered":"https:\/\/dev.scot-saonedombes.fr\/?page_id=1616"},"modified":"2021-02-04T16:22:47","modified_gmt":"2021-02-04T15:22:47","slug":"nouvel-onglet","status":"publish","type":"page","link":"https:\/\/www.scot-saonedombes.fr\/val-saone-dombes\/nouvel-onglet\/","title":{"rendered":"Un territoire de coop\u00e9rations"},"content":{"rendered":"\n<p>Le SCOT s\u2019inscrit dans un&nbsp;paysage institutionnel tr\u00e8s composite dans lequel interviennent de nombreux autres acteurs.<\/p>\n\n\n\n<p class=\"has-medium-font-size\"><span style=\"color:#5caf14\" class=\"has-inline-color\">Le territoire du Val de Sa\u00f4ne-Dombes :<\/span><\/p>\n\n\n\n<p>Il est situ\u00e9 dans le d\u00e9partement de l\u2019Ain, le long de l\u2019axe Sa\u00f4ne, faisant de l\u2019eau un \u00e9l\u00e9ment majeur de notre identit\u00e9.&nbsp; Le maintien d\u2019un cadre de vie de qualit\u00e9, respectueux de l\u2019environnement et du patrimoine architectural et culturel est un enjeu majeur. Situ\u00e9 aux portes des agglom\u00e9rations m\u00e2connaise, burgienne, caladoise et lyonnaise, le territoire b\u00e9n\u00e9ficie \u00e9galement d\u2019un positionnement g\u00e9ographique strat\u00e9gique et attractif, concentrant des enjeux forts en termes de d\u00e9veloppement \u00e9conomique, touristique et r\u00e9sidentiel. Les franchissements de la Sa\u00f4ne reliant notre territoire aux infrastructures et aux polarit\u00e9s du Rh\u00f4ne ont un caract\u00e8re strat\u00e9gique. <\/p>\n\n\n\n<p class=\"has-medium-font-size\"><span style=\"color:#5caf14\" class=\"has-inline-color\">Des interd\u00e9pendances fortes, des territoires compl\u00e9mentaires : <\/span><\/p>\n\n\n\n<p>Le territoire est v\u00e9cu au-del\u00e0 des limites administratives. L\u2019intensit\u00e9 des \u00e9changes, l\u2019interd\u00e9pendance des bassins de vie et des p\u00f4les d\u2019emplois font exister au quotidien l\u2019espace m\u00e9tropolitain Lyon &#8211; Saint-\u00c9tienne, fort de plus de 3 360 000 habitants, l\u2019un des quinze premiers en Europe.<\/p>\n\n\n\n<p>Ces interrelations entre territoires demeurent, en s\u2019affranchissant des limites administratives : march\u00e9s immobiliers, d\u00e9placements domicile-travail, logiques d\u2019implantation des entreprises, syst\u00e8me alimentaire, &#8230;<\/p>\n\n\n\n<p>La compl\u00e9mentarit\u00e9 des territoires rend incontournable un dialogue permanent entre les territoires de l\u2019aire m\u00e9tropolitaine<\/p>\n\n\n\n<p class=\"has-medium-font-size\"><span style=\"color:#5caf14\" class=\"has-inline-color\">La d\u00e9marche inter-Scot :<\/span><\/p>\n\n\n\n<p><img loading=\"lazy\" decoding=\"async\" width=\"1036\" height=\"769\" class=\"wp-image-1952\" style=\"width: 800px\" src=\"https:\/\/www.scot-saonedombes.fr\/val-saone-dombes\/wp-content\/uploads\/sites\/5\/2021\/02\/VSD-et-Interscot.png\" alt=\"\" srcset=\"https:\/\/www.scot-saonedombes.fr\/val-saone-dombes\/wp-content\/uploads\/sites\/5\/2021\/02\/VSD-et-Interscot.png 1036w, https:\/\/www.scot-saonedombes.fr\/val-saone-dombes\/wp-content\/uploads\/sites\/5\/2021\/02\/VSD-et-Interscot-980x727.png 980w, https:\/\/www.scot-saonedombes.fr\/val-saone-dombes\/wp-content\/uploads\/sites\/5\/2021\/02\/VSD-et-Interscot-480x356.png 480w\" sizes=\"(min-width: 0px) and (max-width: 480px) 480px, (min-width: 481px) and (max-width: 980px) 980px, (min-width: 981px) 1036px, 100vw\" \/><\/p>\n\n\n\n<p>Pour aller plus loin : <a href=\"https:\/\/www.inter-scot.fr\" target=\"_blank\" rel=\"noreferrer noopener\">https:\/\/www.inter-scot.fr<\/a><\/p>\n","protected":false},"excerpt":{"rendered":"<p>Le SCOT s\u2019inscrit dans un&nbsp;paysage institutionnel tr\u00e8s composite dans lequel interviennent de nombreux autres acteurs. Le territoire du Val de Sa\u00f4ne-Dombes : Il est situ\u00e9 dans le d\u00e9partement de l\u2019Ain, le long de l\u2019axe Sa\u00f4ne, faisant de l\u2019eau un \u00e9l\u00e9ment majeur de notre identit\u00e9.&nbsp; Le maintien d\u2019un cadre de vie de qualit\u00e9, respectueux de l\u2019environnement [&hellip;]<\/p>\n","protected":false},"author":1,"featured_media":0,"parent":0,"menu_order":0,"comment_status":"closed","ping_status":"closed","template":"","meta":{"_et_pb_use_builder":"off","_et_pb_old_content":"","_et_gb_content_width":"","footnotes":""},"class_list":["post-1616","page","type-page","status-publish","hentry"],"_links":{"self":[{"href":"https:\/\/www.scot-saonedombes.fr\/val-saone-dombes\/wp-json\/wp\/v2\/pages\/1616","targetHints":{"allow":["GET"]}}],"collection":[{"href":"https:\/\/www.scot-saonedombes.fr\/val-saone-dombes\/wp-json\/wp\/v2\/pages"}],"about":[{"href":"https:\/\/www.scot-saonedombes.fr\/val-saone-dombes\/wp-json\/wp\/v2\/types\/page"}],"author":[{"embeddable":true,"href":"https:\/\/www.scot-saonedombes.fr\/val-saone-dombes\/wp-json\/wp\/v2\/users\/1"}],"replies":[{"embeddable":true,"href":"https:\/\/www.scot-saonedombes.fr\/val-saone-dombes\/wp-json\/wp\/v2\/comments?post=1616"}],"version-history":[{"count":19,"href":"https:\/\/www.scot-saonedombes.fr\/val-saone-dombes\/wp-json\/wp\/v2\/pages\/1616\/revisions"}],"predecessor-version":[{"id":1977,"href":"https:\/\/www.scot-saonedombes.fr\/val-saone-dombes\/wp-json\/wp\/v2\/pages\/1616\/revisions\/1977"}],"wp:attachment":[{"href":"https:\/\/www.scot-saonedombes.fr\/val-saone-dombes\/wp-json\/wp\/v2\/media?parent=1616"}],"curies":[{"name":"wp","href":"https:\/\/api.w.org\/{rel}","templated":true}]}}