{"id":1612,"date":"2020-11-24T08:26:19","date_gmt":"2020-11-24T07:26:19","guid":{"rendered":"https:\/\/dev.scot-saonedombes.fr\/?page_id=1612"},"modified":"2021-02-03T15:43:03","modified_gmt":"2021-02-03T14:43:03","slug":"articuler-le-scot-avec-dautres-projets-de-territoire","status":"publish","type":"page","link":"https:\/\/www.scot-saonedombes.fr\/val-saone-dombes\/des-territoires-des-projets\/articuler-le-scot-avec-dautres-projets-de-territoire\/","title":{"rendered":"Articuler le SCOT avec d&rsquo;autres projets de territoire"},"content":{"rendered":"\n<p>L\u2019articulation de l\u2019ensemble des politiques publiques et exercices de planification, sur le p\u00e9rim\u00e8tre du SCoT et avec les territoires voisins, constitue un r\u00e9el d\u00e9fi pour les structures en charge des Sch\u00e9mas de Coh\u00e9rence Territoriale. Elle implique, d\u2019une part, de prendre en compte les\u00a0documents d\u2019urbanisme qui s\u2019imposent aux SCoT.<\/p>\n\n\n\n<p>Elle suppose, d\u2019autre part, un dialogue soutenu avec les autres collectivit\u00e9s : les\u00a0SCoT voisins, le D\u00e9partement de l\u2019Ain, la R\u00e9gion Auvergne-Rh\u00f4ne-Alpes\u2026<\/p>\n","protected":false},"excerpt":{"rendered":"<p>L\u2019articulation de l\u2019ensemble des politiques publiques et exercices de planification, sur le p\u00e9rim\u00e8tre du SCoT et avec les territoires voisins, constitue un r\u00e9el d\u00e9fi pour les structures en charge des Sch\u00e9mas de Coh\u00e9rence Territoriale. Elle implique, d\u2019une part, de prendre en compte les\u00a0documents d\u2019urbanisme qui s\u2019imposent aux SCoT. Elle suppose, d\u2019autre part, un dialogue soutenu [&hellip;]<\/p>\n","protected":false},"author":1,"featured_media":0,"parent":1610,"menu_order":0,"comment_status":"closed","ping_status":"closed","template":"","meta":{"_et_pb_use_builder":"off","_et_pb_old_content":"","_et_gb_content_width":"","footnotes":""},"class_list":["post-1612","page","type-page","status-publish","hentry"],"_links":{"self":[{"href":"https:\/\/www.scot-saonedombes.fr\/val-saone-dombes\/wp-json\/wp\/v2\/pages\/1612","targetHints":{"allow":["GET"]}}],"collection":[{"href":"https:\/\/www.scot-saonedombes.fr\/val-saone-dombes\/wp-json\/wp\/v2\/pages"}],"about":[{"href":"https:\/\/www.scot-saonedombes.fr\/val-saone-dombes\/wp-json\/wp\/v2\/types\/page"}],"author":[{"embeddable":true,"href":"https:\/\/www.scot-saonedombes.fr\/val-saone-dombes\/wp-json\/wp\/v2\/users\/1"}],"replies":[{"embeddable":true,"href":"https:\/\/www.scot-saonedombes.fr\/val-saone-dombes\/wp-json\/wp\/v2\/comments?post=1612"}],"version-history":[{"count":2,"href":"https:\/\/www.scot-saonedombes.fr\/val-saone-dombes\/wp-json\/wp\/v2\/pages\/1612\/revisions"}],"predecessor-version":[{"id":1887,"href":"https:\/\/www.scot-saonedombes.fr\/val-saone-dombes\/wp-json\/wp\/v2\/pages\/1612\/revisions\/1887"}],"up":[{"embeddable":true,"href":"https:\/\/www.scot-saonedombes.fr\/val-saone-dombes\/wp-json\/wp\/v2\/pages\/1610"}],"wp:attachment":[{"href":"https:\/\/www.scot-saonedombes.fr\/val-saone-dombes\/wp-json\/wp\/v2\/media?parent=1612"}],"curies":[{"name":"wp","href":"https:\/\/api.w.org\/{rel}","templated":true}]}}