{"id":1602,"date":"2020-11-24T08:09:49","date_gmt":"2020-11-24T07:09:49","guid":{"rendered":"https:\/\/dev.scot-saonedombes.fr\/?page_id=1602"},"modified":"2021-02-04T10:21:19","modified_gmt":"2021-02-04T09:21:19","slug":"quest-ce-quun-scot","status":"publish","type":"page","link":"https:\/\/www.scot-saonedombes.fr\/val-saone-dombes\/qu-est-ce-que-le-scot\/la-demarche-scot\/quest-ce-quun-scot\/","title":{"rendered":"Qu&rsquo;est-ce qu&rsquo;un SCOT ?"},"content":{"rendered":"\n<h4 class=\"wp-block-heading\">Le SCOT n&rsquo;est pas un \u00ab&nbsp;super PLU&nbsp;\u00bb<\/h4>\n\n\n\n<p>Contrairement aux Plans Locaux d&rsquo;Urbanisme (<a href=\"http:\/\/www.scot-saonedombes.fr\/glossaire.html?height=600&amp;width=850\">PLU<\/a>), le&nbsp;<strong>SCoT ne fixe pas d&rsquo;orientations \u00e0 la parcelle<\/strong>&nbsp;: il exprime des principes, des grandes orientations et ne se substitue donc nullement aux PLU.<br>En revanche, se fixer des objectifs partag\u00e9s suppose que chacun, au niveau local, puisse concourir \u00e0 leur mise en \u0153uvre, ou a minima ne pas les contrarier. La loi a donc fix\u00e9 un principe de&nbsp;<a href=\"http:\/\/www.scot-saonedombes.fr\/glossaire.html?height=600&amp;width=850\">compatibilit\u00e9<\/a>&nbsp;<strong>entre le SCOT et certains documents d&rsquo;urbanisme<\/strong>&nbsp;de rang juridique inf\u00e9rieur :<\/p>\n\n\n\n<ul class=\"wp-block-list\"><li>Plan Local d&rsquo;Urbanisme (<a href=\"http:\/\/www.scot-saonedombes.fr\/glossaire.html?height=600&amp;width=850\">PLU<\/a>), Plan d&rsquo;occupation des sols (<a href=\"http:\/\/www.scot-saonedombes.fr\/glossaire.html?height=600&amp;width=850\">POS<\/a>), carte communale<\/li><li>Programme Local de l&rsquo;Habitat (<a href=\"http:\/\/www.scot-saonedombes.fr\/glossaire.html?height=600&amp;width=850\">PLH<\/a>), Plan de D\u00e9placement Urbain (<a href=\"http:\/\/www.scot-saonedombes.fr\/glossaire.html?height=600&amp;width=850\">PDU<\/a>), Sch\u00e9ma de D\u00e9veloppement Commercial (<a href=\"http:\/\/www.scot-saonedombes.fr\/glossaire.html?height=600&amp;width=850\">SDC<\/a>)<\/li><\/ul>\n\n\n\n<p>&#8230; ainsi qu&rsquo;avec&nbsp;<strong>certaines op\u00e9rations fonci\u00e8res et d&rsquo;am\u00e9nagement<\/strong>. A l&rsquo;inverse, un SCOT doit prendre en compte les&nbsp;<strong>documents et normes sup\u00e9rieures<\/strong>, et notamment :<\/p>\n\n\n\n<ul class=\"wp-block-list\"><li>Directive territoriale d&rsquo;am\u00e9nagement (<a href=\"http:\/\/www.scot-saonedombes.fr\/glossaire.html?height=600&amp;width=850\">DTA<\/a>)<\/li><li>Sch\u00e9ma directeur d&rsquo;am\u00e9nagement et de gestion de l&rsquo;eau (<a href=\"http:\/\/www.scot-saonedombes.fr\/glossaire.html?height=600&amp;width=850\">SDAGE<\/a>)<\/li><li>Charte de parc naturel r\u00e9gional (PNR)<\/li><\/ul>\n\n\n\n<figure class=\"wp-block-image\"><a href=\"http:\/\/www.scot-saonedombes.fr\/uploads\/images\/schema_compatibilite.JPG\"><img decoding=\"async\" src=\"http:\/\/www.scot-saonedombes.fr\/uploads\/images\/schema_compatibilite.JPG\" alt=\"\" title=\"Sch\u00e9ma de compatibilit\u00e9\" \/><\/a><\/figure>\n\n\n\n<p>La&nbsp;<strong>compatibilit\u00e9 se distingue de la conformit\u00e9<\/strong>. Ainsi, un PLU peut comporter des diff\u00e9rences si ces derni\u00e8res ne remettent pas en cause la mise en \u0153uvre du SCOT ; c&rsquo;est un rapport de non-contrari\u00e9t\u00e9 et non de stricte identit\u00e9.<\/p>\n\n\n\n<p><em>Pour comprendre la place du&nbsp;<\/em><a href=\"http:\/\/www.scot-saonedombes.fr\/uploads\/images\/schema_compatibilite.JPG\" target=\"_blank\" rel=\"noreferrer noopener\"><em>SCOT dans l&rsquo;ordonnancement juridique<\/em><\/a><em>, cliquez sur le sch\u00e9ma.<\/em><\/p>\n\n\n\n<h4 class=\"wp-block-heading\">Son contenu<\/h4>\n\n\n\n<p>Le SCOT&nbsp;est compos\u00e9 de 3 documents :<\/p>\n\n\n\n<ul class=\"wp-block-list\"><li>un&nbsp;<strong>Rapport de pr\u00e9sentation<\/strong>; il contient un diagnostic du territoire et un \u00e9tat initial de l&rsquo;environnement. Il permet d&rsquo;avoir une vision g\u00e9n\u00e9rale des probl\u00e9matiques et des enjeux et \u00e9claire les choix de d\u00e9veloppement retenus dans le Projet d&rsquo;Am\u00e9nagement et de D\u00e9veloppement Durable (PADD).&nbsp;<\/li><li>le&nbsp;<strong>Projet d&rsquo;Am\u00e9nagement et de D\u00e9veloppement Durable (PADD)<\/strong>&nbsp;; document de port\u00e9e politique, les \u00e9lus y expriment les objectifs strat\u00e9giques retenus dans le respect des principes de d\u00e9veloppement durable.<\/li><li>un&nbsp;<strong>Document d&rsquo;Orientations G\u00e9n\u00e9rales (DOG)<\/strong>&nbsp;: il fixe les r\u00e8gles destin\u00e9es \u00e0 mettre en \u0153uvre le PADD. Ces orientations ont une valeur prescriptive&nbsp;; c&rsquo;est avec celles-ci que les documents d&rsquo;urbanisme devront \u00eatre&nbsp;<a href=\"http:\/\/www.scot-saonedombes.fr\/glossaire.html?height=600&amp;width=850\">compatibles<\/a>.<\/li><\/ul>\n\n\n\n<p><em>T\u00e9l\u00e9chargez les diff\u00e9rentes pi\u00e8ces du&nbsp;<a href=\"http:\/\/www.scot-saonedombes.fr\/ressources-communes.html?height=600&amp;width=850\" target=\"_blank\" rel=\"noreferrer noopener\">SCOT Val de Sa\u00f4ne-Dombes<\/a>.<\/em><\/p>\n","protected":false},"excerpt":{"rendered":"<p>Le SCOT n&rsquo;est pas un \u00ab&nbsp;super PLU&nbsp;\u00bb Contrairement aux Plans Locaux d&rsquo;Urbanisme (PLU), le&nbsp;SCoT ne fixe pas d&rsquo;orientations \u00e0 la parcelle&nbsp;: il exprime des principes, des grandes orientations et ne se substitue donc nullement aux PLU.En revanche, se fixer des objectifs partag\u00e9s suppose que chacun, au niveau local, puisse concourir \u00e0 leur mise en \u0153uvre, [&hellip;]<\/p>\n","protected":false},"author":1,"featured_media":0,"parent":1598,"menu_order":0,"comment_status":"closed","ping_status":"closed","template":"","meta":{"_et_pb_use_builder":"off","_et_pb_old_content":"","_et_gb_content_width":"","footnotes":""},"class_list":["post-1602","page","type-page","status-publish","hentry"],"_links":{"self":[{"href":"https:\/\/www.scot-saonedombes.fr\/val-saone-dombes\/wp-json\/wp\/v2\/pages\/1602","targetHints":{"allow":["GET"]}}],"collection":[{"href":"https:\/\/www.scot-saonedombes.fr\/val-saone-dombes\/wp-json\/wp\/v2\/pages"}],"about":[{"href":"https:\/\/www.scot-saonedombes.fr\/val-saone-dombes\/wp-json\/wp\/v2\/types\/page"}],"author":[{"embeddable":true,"href":"https:\/\/www.scot-saonedombes.fr\/val-saone-dombes\/wp-json\/wp\/v2\/users\/1"}],"replies":[{"embeddable":true,"href":"https:\/\/www.scot-saonedombes.fr\/val-saone-dombes\/wp-json\/wp\/v2\/comments?post=1602"}],"version-history":[{"count":1,"href":"https:\/\/www.scot-saonedombes.fr\/val-saone-dombes\/wp-json\/wp\/v2\/pages\/1602\/revisions"}],"predecessor-version":[{"id":1896,"href":"https:\/\/www.scot-saonedombes.fr\/val-saone-dombes\/wp-json\/wp\/v2\/pages\/1602\/revisions\/1896"}],"up":[{"embeddable":true,"href":"https:\/\/www.scot-saonedombes.fr\/val-saone-dombes\/wp-json\/wp\/v2\/pages\/1598"}],"wp:attachment":[{"href":"https:\/\/www.scot-saonedombes.fr\/val-saone-dombes\/wp-json\/wp\/v2\/media?parent=1602"}],"curies":[{"name":"wp","href":"https:\/\/api.w.org\/{rel}","templated":true}]}}