{"id":1586,"date":"2020-11-24T08:04:50","date_gmt":"2020-11-24T07:04:50","guid":{"rendered":"https:\/\/dev.scot-saonedombes.fr\/?page_id=1586"},"modified":"2021-02-04T12:18:07","modified_gmt":"2021-02-04T11:18:07","slug":"communaute-de-communes-val-de-saone-centre","status":"publish","type":"page","link":"https:\/\/www.scot-saonedombes.fr\/val-saone-dombes\/qu-est-ce-que-le-scot\/les-collectivites-membres\/communaute-de-communes-val-de-saone-centre\/","title":{"rendered":"Communaut\u00e9 de Communes \u00ab\u00a0Val de Sa\u00f4ne Centre\u00a0\u00bb"},"content":{"rendered":"\n<p><br><img loading=\"lazy\" decoding=\"async\" width=\"256\" height=\"192\" src=\"http:\/\/www.scot-saonedombes.fr\/uploads\/images\/EtangStEtienne.JPG\" alt=\"Etang \u00e0 Saint-Etienne sur Chalaronne\"><\/p>\n\n\n\n<p>N\u00e9e au 1er janvier 2017 de la fusion entre la Communaut\u00e9 de Communes Val de Sa\u00f4ne Chalaronne et Montmerle 3 Rivi\u00e8res,<strong>\u00a0<\/strong>la Communaut\u00e9 de Communes Val de Sa\u00f4ne Centre est pr\u00e9sid\u00e9e par\u00a0<strong>Jean-Claude DESCHIZEAUX<\/strong>, maire de Montceaux.<\/p>\n\n\n\n<p>Elle regroupe environ 20 000 habitants sur 15 communes membres et s&rsquo;organise autour des p\u00f4les de<strong>&nbsp;Montmerle sur Sa\u00f4ne, Thoissey et Saint Didier sur Chalaronne<\/strong>.<\/p>\n\n\n\n<p>La communaut\u00e9 de communes fonctionne en relation \u00e9troite avec le M\u00e2connais, Belleville et Ch\u00e2tillon sur Chalaronne.<\/p>\n\n\n\n<p>Elle regroupe des p\u00f4les d&rsquo;\u00e9quipements, de commerces, d&#8217;emplois et de services situ\u00e9s sur la rive gauche de la Sa\u00f4ne.<\/p>\n\n\n\n<p><strong>Contacts<\/strong><\/p>\n\n\n\n<p>Communaut\u00e9 de Communes Val de Sa\u00f4ne Centre<br>Parc visiosport\u00a0 &#8211; 166 route de Francheleins 01 090 MONTCEAUX <strong>T\u00e9l<\/strong>\u00a0: 04.74.06.46.26 Fax : 04.74.06.46.20<\/p>\n\n\n\n<p><strong>Email<\/strong>\u00a0: accueil@ccvsc01.org<\/p>\n\n\n\n<p><strong>Site<\/strong>\u00a0:\u00a0<a href=\"https:\/\/www.ccvsc01.org\/\" data-type=\"URL\" data-id=\"https:\/\/www.ccvsc01.org\/\" target=\"_blank\" rel=\"noreferrer noopener\">https:\/\/www.ccvsc01.org<\/a><\/p>\n\n\n\n<figure class=\"wp-block-image\"><img decoding=\"async\" src=\"http:\/\/www.scot-saonedombes.fr\/uploads\/images\/Montmerle.jpg\" alt=\"\" \/><\/figure>\n","protected":false},"excerpt":{"rendered":"<p>N\u00e9e au 1er janvier 2017 de la fusion entre la Communaut\u00e9 de Communes Val de Sa\u00f4ne Chalaronne et Montmerle 3 Rivi\u00e8res,\u00a0la Communaut\u00e9 de Communes Val de Sa\u00f4ne Centre est pr\u00e9sid\u00e9e par\u00a0Jean-Claude DESCHIZEAUX, maire de Montceaux. Elle regroupe environ 20 000 habitants sur 15 communes membres et s&rsquo;organise autour des p\u00f4les de&nbsp;Montmerle sur Sa\u00f4ne, Thoissey et [&hellip;]<\/p>\n","protected":false},"author":1,"featured_media":0,"parent":1582,"menu_order":0,"comment_status":"closed","ping_status":"closed","template":"","meta":{"_et_pb_use_builder":"off","_et_pb_old_content":"","_et_gb_content_width":"","footnotes":""},"class_list":["post-1586","page","type-page","status-publish","hentry"],"_links":{"self":[{"href":"https:\/\/www.scot-saonedombes.fr\/val-saone-dombes\/wp-json\/wp\/v2\/pages\/1586","targetHints":{"allow":["GET"]}}],"collection":[{"href":"https:\/\/www.scot-saonedombes.fr\/val-saone-dombes\/wp-json\/wp\/v2\/pages"}],"about":[{"href":"https:\/\/www.scot-saonedombes.fr\/val-saone-dombes\/wp-json\/wp\/v2\/types\/page"}],"author":[{"embeddable":true,"href":"https:\/\/www.scot-saonedombes.fr\/val-saone-dombes\/wp-json\/wp\/v2\/users\/1"}],"replies":[{"embeddable":true,"href":"https:\/\/www.scot-saonedombes.fr\/val-saone-dombes\/wp-json\/wp\/v2\/comments?post=1586"}],"version-history":[{"count":1,"href":"https:\/\/www.scot-saonedombes.fr\/val-saone-dombes\/wp-json\/wp\/v2\/pages\/1586\/revisions"}],"predecessor-version":[{"id":1919,"href":"https:\/\/www.scot-saonedombes.fr\/val-saone-dombes\/wp-json\/wp\/v2\/pages\/1586\/revisions\/1919"}],"up":[{"embeddable":true,"href":"https:\/\/www.scot-saonedombes.fr\/val-saone-dombes\/wp-json\/wp\/v2\/pages\/1582"}],"wp:attachment":[{"href":"https:\/\/www.scot-saonedombes.fr\/val-saone-dombes\/wp-json\/wp\/v2\/media?parent=1586"}],"curies":[{"name":"wp","href":"https:\/\/api.w.org\/{rel}","templated":true}]}}