{"id":1584,"date":"2020-11-24T08:04:07","date_gmt":"2020-11-24T07:04:07","guid":{"rendered":"https:\/\/dev.scot-saonedombes.fr\/?page_id=1584"},"modified":"2021-02-04T12:13:27","modified_gmt":"2021-02-04T11:13:27","slug":"communaute-de-communes-dombes-saone-vallee","status":"publish","type":"page","link":"https:\/\/www.scot-saonedombes.fr\/val-saone-dombes\/qu-est-ce-que-le-scot\/les-collectivites-membres\/communaute-de-communes-dombes-saone-vallee\/","title":{"rendered":"Communaut\u00e9 de Communes \u00ab\u00a0Dombes Sa\u00f4ne Vall\u00e9e\u00a0\u00bb"},"content":{"rendered":"\n<p><strong>La Communaut\u00e9 de Communes Dombes Sa\u00f4ne Vall\u00e9e (CCDSV)\u00a0<\/strong>est pr\u00e9sid\u00e9e par Marc PECHOUX<\/p>\n\n\n\n<p>N\u00e9e le 1er janvier 2014, elles est issue de la fusion entre :<\/p>\n\n\n\n<ul class=\"wp-block-list\"><li>L&rsquo;ancienne communaut\u00e9 de communes Sa\u00f4ne Vall\u00e9e (CCSV) cr\u00e9\u00e9e en 1991 sous la forme d&rsquo;un district puis transform\u00e9e en Communaut\u00e9 de communes en 1993<\/li><li>L&rsquo;ancienne communaut\u00e9 de communes Porte Ouest de la Dombes (CCPOD) cr\u00e9\u00e9e en 1994 sous forme de district<\/li><li>La commune de Villeneuve<\/li><\/ul>\n\n\n\n<figure class=\"wp-block-image\"><img decoding=\"async\" src=\"http:\/\/www.scot-saonedombes.fr\/uploads\/images\/chapel-st-didier.JPG\" alt=\"Chapelle des Minimes - Saint D. de Formans\" title=\"Chapelle des Minimes - Saint D. de Formans\" \/><\/figure>\n\n\n\n<p>Entre la Sa\u00f4ne et la Dombes, elle b\u00e9n\u00e9ficie d&rsquo;une&nbsp;<strong>situation privil\u00e9gi\u00e9e<\/strong>&nbsp;\u00e0 10 km de Villefranche-sur-Sa\u00f4ne et du Beaujolais et \u00e0 proximit\u00e9 imm\u00e9diate de la M\u00e9tropole de Lyon.<\/p>\n\n\n\n<p>C&rsquo;est un territoire r\u00e9sidentiel b\u00e9n\u00e9ficiant d&rsquo;une \u00e9conomie dynamique et diversifi\u00e9e, d&rsquo;un patrimoine culturel riche et d&rsquo;un tourisme de qualit\u00e9 : elle compte un des premiers sites de fr\u00e9quentation touristique et culturelle de l&rsquo;Ain : le village d&rsquo;Ars sur Formans.<\/p>\n\n\n\n<figure class=\"wp-block-image\"><img decoding=\"async\" src=\"http:\/\/www.scot-saonedombes.fr\/uploads\/images\/Trevoux.JPG\" alt=\"\" title=\"Centre de Tr\u00e9voux\" \/><\/figure>\n\n\n\n<figure class=\"wp-block-image\"><img decoding=\"async\" src=\"http:\/\/www.scot-saonedombes.fr\/uploads\/images\/CCSV-Reyrieux.JPG\" alt=\"\" title=\"ZI de Reyrieux\" \/><\/figure>\n\n\n\n<p><strong>Contacts<br><\/strong>Communaut\u00e9 de communes Dombes Sa\u00f4ne Vall\u00e9e<br>627, route de Jassans &#8211; BP 231<br>01602 TREVOUX CEDEX<br>T\u00e9l : 04.74.08.97.66<br>Fax : 04.74.08.97.67<br>Email:&nbsp;<a href=\"mailto:ccsv@saone-vallee.fr\">contact@ccdsv.fr<\/a>&nbsp;<br>Site :&nbsp;<a href=\"http:\/\/www.saone-vallee.fr\/\">http:\/\/wwwccdsv.fr\/<\/a><\/p>\n","protected":false},"excerpt":{"rendered":"<p>La Communaut\u00e9 de Communes Dombes Sa\u00f4ne Vall\u00e9e (CCDSV)\u00a0est pr\u00e9sid\u00e9e par Marc PECHOUX N\u00e9e le 1er janvier 2014, elles est issue de la fusion entre : L&rsquo;ancienne communaut\u00e9 de communes Sa\u00f4ne Vall\u00e9e (CCSV) cr\u00e9\u00e9e en 1991 sous la forme d&rsquo;un district puis transform\u00e9e en Communaut\u00e9 de communes en 1993 L&rsquo;ancienne communaut\u00e9 de communes Porte Ouest de [&hellip;]<\/p>\n","protected":false},"author":1,"featured_media":0,"parent":1582,"menu_order":0,"comment_status":"closed","ping_status":"closed","template":"","meta":{"_et_pb_use_builder":"off","_et_pb_old_content":"","_et_gb_content_width":"","footnotes":""},"class_list":["post-1584","page","type-page","status-publish","hentry"],"_links":{"self":[{"href":"https:\/\/www.scot-saonedombes.fr\/val-saone-dombes\/wp-json\/wp\/v2\/pages\/1584","targetHints":{"allow":["GET"]}}],"collection":[{"href":"https:\/\/www.scot-saonedombes.fr\/val-saone-dombes\/wp-json\/wp\/v2\/pages"}],"about":[{"href":"https:\/\/www.scot-saonedombes.fr\/val-saone-dombes\/wp-json\/wp\/v2\/types\/page"}],"author":[{"embeddable":true,"href":"https:\/\/www.scot-saonedombes.fr\/val-saone-dombes\/wp-json\/wp\/v2\/users\/1"}],"replies":[{"embeddable":true,"href":"https:\/\/www.scot-saonedombes.fr\/val-saone-dombes\/wp-json\/wp\/v2\/comments?post=1584"}],"version-history":[{"count":1,"href":"https:\/\/www.scot-saonedombes.fr\/val-saone-dombes\/wp-json\/wp\/v2\/pages\/1584\/revisions"}],"predecessor-version":[{"id":1917,"href":"https:\/\/www.scot-saonedombes.fr\/val-saone-dombes\/wp-json\/wp\/v2\/pages\/1584\/revisions\/1917"}],"up":[{"embeddable":true,"href":"https:\/\/www.scot-saonedombes.fr\/val-saone-dombes\/wp-json\/wp\/v2\/pages\/1582"}],"wp:attachment":[{"href":"https:\/\/www.scot-saonedombes.fr\/val-saone-dombes\/wp-json\/wp\/v2\/media?parent=1584"}],"curies":[{"name":"wp","href":"https:\/\/api.w.org\/{rel}","templated":true}]}}