{"id":1575,"date":"2020-11-24T08:01:50","date_gmt":"2020-11-24T07:01:50","guid":{"rendered":"https:\/\/dev.scot-saonedombes.fr\/?page_id=1575"},"modified":"2021-02-04T10:33:03","modified_gmt":"2021-02-04T09:33:03","slug":"qu-est-ce-que-le-scot","status":"publish","type":"page","link":"https:\/\/www.scot-saonedombes.fr\/val-saone-dombes\/qu-est-ce-que-le-scot\/","title":{"rendered":"Qu&rsquo;est-ce que le SCoT ?"},"content":{"rendered":"\n<p><strong>Un sch\u00e9ma de coh\u00e9rence territoriale (SCoT) c\u2019est :<\/strong><\/p>\n\n\n\n<p>\u2022 <strong>Un document prospectif<\/strong>, \u00e0 la fois projet politique et d\u2019urbanisme, qui fixe les orientations g\u00e9n\u00e9rales d\u2019am\u00e9nagement durable pour le moyen-long terme<\/p>\n\n\n\n<p>\u2022 <strong>Un cadre de r\u00e9f\u00e9rence<\/strong> pour les politiques men\u00e9es sur le territoire en termes d\u2019habitat, de d\u00e9veloppement \u00e9conomique, de d\u00e9placements, d\u2019\u00e9quipements commerciaux, d\u2019environnement et d\u2019organisation de l\u2019espace<\/p>\n\n\n\n<p>\u2022 <strong>Un document d\u2019urbanisme<\/strong> avec lequel les plans locaux d\u2019urbanisme, plans locaux d\u2019urbanisme intercommunaux, programmes locaux de l&rsquo;habitat, plans de d\u00e9placement urbain ou encore certaines op\u00e9rations d\u2019am\u00e9nagement de plus de 5000 m2 de surface de plancher se devront d\u2019\u00eatre compatibles<\/p>\n\n\n\n<p>Le SCoT Val de Sa\u00f4ne-Dombes formalise les grandes orientations d\u2019am\u00e9nagement du territoire et encadre le d\u00e9veloppement horizon 2035.<\/p>\n","protected":false},"excerpt":{"rendered":"<p>Un sch\u00e9ma de coh\u00e9rence territoriale (SCoT) c\u2019est : \u2022 Un document prospectif, \u00e0 la fois projet politique et d\u2019urbanisme, qui fixe les orientations g\u00e9n\u00e9rales d\u2019am\u00e9nagement durable pour le moyen-long terme \u2022 Un cadre de r\u00e9f\u00e9rence pour les politiques men\u00e9es sur le territoire en termes d\u2019habitat, de d\u00e9veloppement \u00e9conomique, de d\u00e9placements, d\u2019\u00e9quipements commerciaux, d\u2019environnement et d\u2019organisation [&hellip;]<\/p>\n","protected":false},"author":1,"featured_media":0,"parent":0,"menu_order":0,"comment_status":"closed","ping_status":"closed","template":"","meta":{"_et_pb_use_builder":"off","_et_pb_old_content":"","_et_gb_content_width":"","footnotes":""},"class_list":["post-1575","page","type-page","status-publish","hentry"],"_links":{"self":[{"href":"https:\/\/www.scot-saonedombes.fr\/val-saone-dombes\/wp-json\/wp\/v2\/pages\/1575","targetHints":{"allow":["GET"]}}],"collection":[{"href":"https:\/\/www.scot-saonedombes.fr\/val-saone-dombes\/wp-json\/wp\/v2\/pages"}],"about":[{"href":"https:\/\/www.scot-saonedombes.fr\/val-saone-dombes\/wp-json\/wp\/v2\/types\/page"}],"author":[{"embeddable":true,"href":"https:\/\/www.scot-saonedombes.fr\/val-saone-dombes\/wp-json\/wp\/v2\/users\/1"}],"replies":[{"embeddable":true,"href":"https:\/\/www.scot-saonedombes.fr\/val-saone-dombes\/wp-json\/wp\/v2\/comments?post=1575"}],"version-history":[{"count":7,"href":"https:\/\/www.scot-saonedombes.fr\/val-saone-dombes\/wp-json\/wp\/v2\/pages\/1575\/revisions"}],"predecessor-version":[{"id":1909,"href":"https:\/\/www.scot-saonedombes.fr\/val-saone-dombes\/wp-json\/wp\/v2\/pages\/1575\/revisions\/1909"}],"wp:attachment":[{"href":"https:\/\/www.scot-saonedombes.fr\/val-saone-dombes\/wp-json\/wp\/v2\/media?parent=1575"}],"curies":[{"name":"wp","href":"https:\/\/api.w.org\/{rel}","templated":true}]}}