{"id":9,"date":"2020-12-03T14:00:25","date_gmt":"2020-12-03T13:00:25","guid":{"rendered":"http:\/\/www.www.scot-saonedombes.fr\/la-dombes\/?page_id=9"},"modified":"2021-02-04T10:33:45","modified_gmt":"2021-02-04T09:33:45","slug":"perimetre-et-portage","status":"publish","type":"page","link":"https:\/\/www.scot-saonedombes.fr\/la-dombes\/perimetre-et-portage\/","title":{"rendered":"Qu&rsquo;est-ce que le SCoT ?"},"content":{"rendered":"\n<p class=\"has-vivid-cyan-blue-color has-text-color has-medium-font-size\"><strong>Qu&rsquo;est-ce que le SCoT ?<\/strong><\/p>\n\n\n\n<p><strong>Un document prospectif,<\/strong> \u00e0 la fois projet politique et d\u2019urbanisme, qui fixe les orientations g\u00e9n\u00e9rales d\u2019am\u00e9nagement durable \u00e0 horizon 2035, pour un d\u00e9veloppement harmonis\u00e9 des communes du territoire.<\/p>\n\n\n\n<p><strong>Un cadre de r\u00e9f\u00e9rence<\/strong> pour les politiques men\u00e9es sur le territoire en termes d\u2019habitat, de d\u00e9veloppement \u00e9conomique, de d\u00e9placements, d\u2019\u00e9quipements commerciaux, d\u2019environnement et d\u2019organisation de l\u2019espace.<\/p>\n\n\n\n<p> <strong>Un document d\u2019urbanisme <\/strong>avec lequel les plans locaux d\u2019urba-nisme, plans locaux d\u2019urbanisme intercommunaux, programmes lo-caux de l&rsquo;habitat, plans de d\u00e9placement urbain ou encore certaines op\u00e9rations d\u2019am\u00e9nagement de plus de 5000 m2 de surface de plan-cher se devront d\u2019\u00eatre compatible.<\/p>\n\n\n\n<p><\/p>\n\n\n\n<p class=\"has-vivid-cyan-blue-color has-text-color has-medium-font-size\"><strong>De quoi parle t&rsquo;il ?<\/strong><\/p>\n\n\n\n<p>Il offre des orientations multi th\u00e9matiques&nbsp;:<\/p>\n\n\n\n<ul class=\"wp-block-list\"><li>Le maintien du cadre de vie dans la Dombes.<\/li><li>Une \u00e9conomie dynamique soucieuse d\u2019implanter des emplois sur le territoire.<\/li><li>Une offre commerciale adapt\u00e9e.<\/li><li>La maitrise du d\u00e9veloppement urbain. Il prend en compte les sp\u00e9cificit\u00e9s des bassins de vie du territoire (contextes urbains et paysagers, accessibilit\u00e9, influences des p\u00f4les voisins\u2026).<\/li><li>La qualit\u00e9 des offres de d\u00e9placements. Cela passe notamment par une am\u00e9lioration du maillage en transports en commun, la promotion du covoiturage et le d\u00e9ploiement de l\u2019offre multimodale.<\/li><li>La protection de l\u2019identit\u00e9 du territoire, son agriculture, sa nature, l\u2019eau, les paysages, son patrimoine architectural et culturel constituent des piliers du cadre de vie, de l\u2019attractivit\u00e9 \u00e9conomique et du d\u00e9veloppement touristique.<\/li><\/ul>\n\n\n\n<p><\/p>\n\n\n\n<p class=\"has-vivid-cyan-blue-color has-text-color has-medium-font-size\"><strong>Quelle implication des acteurs et des habitants&nbsp;?<\/strong> <\/p>\n\n\n\n<p>Les orientations du SCoT  d\u00e9coulent de r\u00e9unions publiques auxquelles la population a \u00e9t\u00e9 convi\u00e9e, d\u2019ateliers de travail et de nombreuses instances r\u00e9unissant les \u00e9lus du territoire. Ce document  est un projet \u00e9labor\u00e9 en \u00e9troite collaboration avec les partenaires et acteurs du territoire, tels que les chambres consulaires, la R\u00e9gion, le Conseil d\u00e9partemental, les services de la direction d\u00e9partementale des territoires, les syndicats de rivi\u00e8re\u2026<\/p>\n\n\n\n<figure class=\"wp-block-table\"><table><tbody><tr><td><\/td><\/tr><\/tbody><\/table><\/figure>\n\n\n\n<figure class=\"wp-block-table\"><table><tbody><tr><td><\/td><\/tr><\/tbody><\/table><\/figure>\n\n\n\n<p><\/p>\n","protected":false},"excerpt":{"rendered":"<p>Qu&rsquo;est-ce que le SCoT ? Un document prospectif, \u00e0 la fois projet politique et d\u2019urbanisme, qui fixe les orientations g\u00e9n\u00e9rales d\u2019am\u00e9nagement durable \u00e0 horizon 2035, pour un d\u00e9veloppement harmonis\u00e9 des communes du territoire. Un cadre de r\u00e9f\u00e9rence pour les politiques men\u00e9es sur le territoire en termes d\u2019habitat, de d\u00e9veloppement \u00e9conomique, de d\u00e9placements, d\u2019\u00e9quipements commerciaux, d\u2019environnement [&hellip;]<\/p>\n","protected":false},"author":1,"featured_media":0,"parent":0,"menu_order":0,"comment_status":"closed","ping_status":"closed","template":"","meta":{"_et_pb_use_builder":"","_et_pb_old_content":"","_et_gb_content_width":"","footnotes":""},"class_list":["post-9","page","type-page","status-publish","hentry"],"_links":{"self":[{"href":"https:\/\/www.scot-saonedombes.fr\/la-dombes\/wp-json\/wp\/v2\/pages\/9","targetHints":{"allow":["GET"]}}],"collection":[{"href":"https:\/\/www.scot-saonedombes.fr\/la-dombes\/wp-json\/wp\/v2\/pages"}],"about":[{"href":"https:\/\/www.scot-saonedombes.fr\/la-dombes\/wp-json\/wp\/v2\/types\/page"}],"author":[{"embeddable":true,"href":"https:\/\/www.scot-saonedombes.fr\/la-dombes\/wp-json\/wp\/v2\/users\/1"}],"replies":[{"embeddable":true,"href":"https:\/\/www.scot-saonedombes.fr\/la-dombes\/wp-json\/wp\/v2\/comments?post=9"}],"version-history":[{"count":10,"href":"https:\/\/www.scot-saonedombes.fr\/la-dombes\/wp-json\/wp\/v2\/pages\/9\/revisions"}],"predecessor-version":[{"id":431,"href":"https:\/\/www.scot-saonedombes.fr\/la-dombes\/wp-json\/wp\/v2\/pages\/9\/revisions\/431"}],"wp:attachment":[{"href":"https:\/\/www.scot-saonedombes.fr\/la-dombes\/wp-json\/wp\/v2\/media?parent=9"}],"curies":[{"name":"wp","href":"https:\/\/api.w.org\/{rel}","templated":true}]}}