{"id":899,"date":"2024-11-07T10:18:56","date_gmt":"2024-11-07T09:18:56","guid":{"rendered":"https:\/\/www.scot-saonedombes.fr\/la-dombes\/?page_id=899"},"modified":"2025-07-03T14:08:35","modified_gmt":"2025-07-03T12:08:35","slug":"la-demarche-paysage-du-scot-de-la-dombes","status":"publish","type":"page","link":"https:\/\/www.scot-saonedombes.fr\/la-dombes\/la-demarche-paysage-du-scot-de-la-dombes\/","title":{"rendered":"La d\u00e9marche de strat\u00e9gie paysag\u00e8re et d&rsquo;implantation des \u00e9nergies renouvelables du SCoT de la Dombes"},"content":{"rendered":"\n<p class=\"has-black-color has-text-color has-link-color has-medium-font-size wp-elements-a196b778e899b963dff983649adaa0d2\">Le groupement <strong><a href=\"https:\/\/follea-gautier.com\/\" data-type=\"link\" data-id=\"https:\/\/follea-gautier.com\/\" target=\"_blank\" rel=\"noreferrer noopener\">Foll\u00e9a Gautier<\/a> \/ <a href=\"https:\/\/trans-faire.net\/\" data-type=\"link\" data-id=\"https:\/\/trans-faire.net\/\" target=\"_blank\" rel=\"noreferrer noopener\">Trans-Faire<\/a><\/strong> a \u00e9t\u00e9 retenu pour nous accompagner dans la d\u00e9marche visant \u00e0 pr\u00e9parer un projet d\u2019avenir pour la qualit\u00e9 du territoire. <\/p>\n\n\n\n<p class=\"has-black-color has-text-color has-link-color has-medium-font-size wp-elements-ff89e65c941169758e6a334d96f0e7f4\">\u00c9ch\u00e9ance de la mission: 1er trimestre 2026<\/p>\n\n\n\n<p><img loading=\"lazy\" decoding=\"async\" width=\"547\" height=\"386\" class=\"wp-image-900\" style=\"width: 800px\" src=\"https:\/\/www.scot-saonedombes.fr\/la-dombes\/wp-content\/uploads\/sites\/4\/2024\/11\/ph2.png\" alt=\"\" srcset=\"https:\/\/www.scot-saonedombes.fr\/la-dombes\/wp-content\/uploads\/sites\/4\/2024\/11\/ph2.png 547w, https:\/\/www.scot-saonedombes.fr\/la-dombes\/wp-content\/uploads\/sites\/4\/2024\/11\/ph2-480x339.png 480w\" sizes=\"(min-width: 0px) and (max-width: 480px) 480px, (min-width: 481px) 547px, 100vw\" \/><\/p>\n\n\n\n<p class=\"has-black-color has-text-color has-link-color has-small-font-size wp-elements-e1d9afc560fc1857c726e8a6bed90c69\">La d\u00e9marche compl\u00e8tera le le travail men\u00e9 en 2016 par le D\u00e9partement 01 sur <a href=\"https:\/\/objectif-paysages.developpement-durable.gouv.fr\/atlas-des-paysages-de-lain-62\" data-type=\"link\" data-id=\"https:\/\/objectif-paysages.developpement-durable.gouv.fr\/atlas-des-paysages-de-lain-62\">l&rsquo;Atlas des paysages de l&rsquo;Ain<\/a>. <\/p>\n\n\n\n<p><\/p>\n\n\n\n<p class=\"has-medium-font-size\">\u00c9ch\u00e9ance de la mission : 1<sub><sup><code>e<\/code>r<\/sup><\/sub> trimestre 2026.<\/p>\n\n\n\n<p class=\"has-medium-font-size\"><strong>Plan de financement<\/strong><\/p>\n\n\n\n<p>Montant de la d\u00e9pense subventionnable : 62 412,50 euros HT<\/p>\n\n\n\n<p>Subvention Fonds vert 20% : 12 483 euros<\/p>\n\n\n\n<p>Subvention LEADER 60% : 37 447,5 euros (en cours d\u2019instruction)<\/p>\n\n\n\n<div class=\"wp-block-group alignwide is-vertical is-content-justification-center is-layout-flex wp-container-core-group-is-layout-73a99bce wp-block-group-is-layout-flex\">\n<div class=\"wp-block-columns alignfull are-vertically-aligned-center is-layout-flex wp-container-core-columns-is-layout-9d6595d7 wp-block-columns-is-layout-flex\">\n<div class=\"wp-block-column is-layout-flow wp-block-column-is-layout-flow\"><\/div>\n\n\n\n<div class=\"wp-block-column is-layout-flow wp-block-column-is-layout-flow\"><\/div>\n<\/div>\n\n\n\n<div class=\"wp-block-columns alignfull are-vertically-aligned-center is-layout-flex wp-container-core-columns-is-layout-9d6595d7 wp-block-columns-is-layout-flex\">\n<div class=\"wp-block-column is-layout-flow wp-block-column-is-layout-flow\" style=\"flex-basis:100%\"><\/div>\n<\/div>\n\n\n\n<figure class=\"wp-block-image size-large is-resized\"><img loading=\"lazy\" decoding=\"async\" width=\"1024\" height=\"321\" src=\"https:\/\/www.scot-saonedombes.fr\/la-dombes\/wp-content\/uploads\/sites\/4\/2025\/02\/assemblage-1-1024x321.png\" alt=\"\" class=\"wp-image-958\" style=\"width:717px;height:auto\" srcset=\"https:\/\/www.scot-saonedombes.fr\/la-dombes\/wp-content\/uploads\/sites\/4\/2025\/02\/assemblage-1-980x307.png 980w, https:\/\/www.scot-saonedombes.fr\/la-dombes\/wp-content\/uploads\/sites\/4\/2025\/02\/assemblage-1-480x150.png 480w\" sizes=\"(min-width: 0px) and (max-width: 480px) 480px, (min-width: 481px) and (max-width: 980px) 980px, (min-width: 981px) 1024px, 100vw\" \/><\/figure>\n<\/div>\n\n\n\n<div class=\"wp-block-columns is-layout-flex wp-container-core-columns-is-layout-9d6595d7 wp-block-columns-is-layout-flex\">\n<div class=\"wp-block-column is-layout-flow wp-block-column-is-layout-flow\"><\/div>\n\n\n\n<div class=\"wp-block-column is-layout-flow wp-block-column-is-layout-flow\"><\/div>\n<\/div>\n","protected":false},"excerpt":{"rendered":"<p>Le groupement Foll\u00e9a Gautier \/ Trans-Faire a \u00e9t\u00e9 retenu pour nous accompagner dans la d\u00e9marche visant \u00e0 pr\u00e9parer un projet d\u2019avenir pour la qualit\u00e9 du territoire. \u00c9ch\u00e9ance de la mission: 1er trimestre 2026 La d\u00e9marche compl\u00e8tera le le travail men\u00e9 en 2016 par le D\u00e9partement 01 sur l&rsquo;Atlas des paysages de l&rsquo;Ain. \u00c9ch\u00e9ance de la [&hellip;]<\/p>\n","protected":false},"author":3,"featured_media":0,"parent":0,"menu_order":0,"comment_status":"closed","ping_status":"closed","template":"","meta":{"_et_pb_use_builder":"off","_et_pb_old_content":"","_et_gb_content_width":"","footnotes":""},"class_list":["post-899","page","type-page","status-publish","hentry"],"_links":{"self":[{"href":"https:\/\/www.scot-saonedombes.fr\/la-dombes\/wp-json\/wp\/v2\/pages\/899","targetHints":{"allow":["GET"]}}],"collection":[{"href":"https:\/\/www.scot-saonedombes.fr\/la-dombes\/wp-json\/wp\/v2\/pages"}],"about":[{"href":"https:\/\/www.scot-saonedombes.fr\/la-dombes\/wp-json\/wp\/v2\/types\/page"}],"author":[{"embeddable":true,"href":"https:\/\/www.scot-saonedombes.fr\/la-dombes\/wp-json\/wp\/v2\/users\/3"}],"replies":[{"embeddable":true,"href":"https:\/\/www.scot-saonedombes.fr\/la-dombes\/wp-json\/wp\/v2\/comments?post=899"}],"version-history":[{"count":23,"href":"https:\/\/www.scot-saonedombes.fr\/la-dombes\/wp-json\/wp\/v2\/pages\/899\/revisions"}],"predecessor-version":[{"id":982,"href":"https:\/\/www.scot-saonedombes.fr\/la-dombes\/wp-json\/wp\/v2\/pages\/899\/revisions\/982"}],"wp:attachment":[{"href":"https:\/\/www.scot-saonedombes.fr\/la-dombes\/wp-json\/wp\/v2\/media?parent=899"}],"curies":[{"name":"wp","href":"https:\/\/api.w.org\/{rel}","templated":true}]}}