{"id":6,"date":"2020-12-03T13:59:10","date_gmt":"2020-12-03T12:59:10","guid":{"rendered":"http:\/\/www.www.scot-saonedombes.fr\/la-dombes\/?page_id=6"},"modified":"2025-07-03T14:38:53","modified_gmt":"2025-07-03T12:38:53","slug":"accueil","status":"publish","type":"page","link":"https:\/\/www.scot-saonedombes.fr\/la-dombes\/","title":{"rendered":"Accueil &#8211; La Dombes"},"content":{"rendered":"\n<figure class=\"wp-block-image aligncenter size-large is-resized\"><img loading=\"lazy\" decoding=\"async\" width=\"1024\" height=\"512\" src=\"https:\/\/www.scot-saonedombes.fr\/la-dombes\/wp-content\/uploads\/sites\/4\/2022\/12\/nuage-de-mots-scot-dombes-1024x512.jpg\" alt=\"\" class=\"wp-image-791\" style=\"aspect-ratio:2.4;object-fit:cover;width:720px;height:auto\" srcset=\"https:\/\/www.scot-saonedombes.fr\/la-dombes\/wp-content\/uploads\/sites\/4\/2022\/12\/nuage-de-mots-scot-dombes-980x490.jpg 980w, https:\/\/www.scot-saonedombes.fr\/la-dombes\/wp-content\/uploads\/sites\/4\/2022\/12\/nuage-de-mots-scot-dombes-480x240.jpg 480w\" sizes=\"(min-width: 0px) and (max-width: 480px) 480px, (min-width: 481px) and (max-width: 980px) 980px, (min-width: 981px) 1024px, 100vw\" \/><\/figure>\n\n\n\n<p><\/p>\n\n\n\n<h1 class=\"wp-block-heading has-text-align-center has-black-color has-text-color has-link-color has-x-large-font-size wp-elements-14c8d4e368288d09d78bdde6f64e86c5\"><strong>ACTUALIT\u00c9S<\/strong><\/h1>\n\n\n\n<div class=\"wp-block-group is-layout-flow wp-block-group-is-layout-flow\">\n<p class=\"has-text-align-left has-black-color has-text-color has-link-color has-medium-font-size wp-elements-d5bce126b7206dee8152eb15f96d2353\" style=\"font-style:normal;font-weight:400\"><strong><mark style=\"background-color:#ffffff;color:#327da9\" class=\"has-inline-color\"><\/mark><\/strong><\/p>\n<\/div>\n\n\n\n<p class=\"has-vivid-cyan-blue-color has-text-color has-link-color has-medium-font-size wp-elements-932a0f3ce5cdc06e646e9bb02ab632a3\" style=\"font-style:normal;font-weight:200\"><img loading=\"lazy\" decoding=\"async\" width=\"820\" height=\"512\" class=\"wp-image-684\" style=\"width: 20px\" src=\"https:\/\/www.scot-saonedombes.fr\/la-dombes\/wp-content\/uploads\/sites\/4\/2022\/11\/image.png\" alt=\"\" srcset=\"https:\/\/www.scot-saonedombes.fr\/la-dombes\/wp-content\/uploads\/sites\/4\/2022\/11\/image.png 820w, https:\/\/www.scot-saonedombes.fr\/la-dombes\/wp-content\/uploads\/sites\/4\/2022\/11\/image-480x300.png 480w\" sizes=\"(min-width: 0px) and (max-width: 480px) 480px, (min-width: 481px) 820px, 100vw\" \/><mark style=\"background-color:#ffffff\" class=\"has-inline-color has-black-color\"><strong>Les SCoT Dombes et Val de Sa\u00f4ne Dombes ont \u00e9labor\u00e9 leur diagnostic paysager et \u00e9nerg\u00e9tique en vue de d\u00e9finir leur strat\u00e9gie paysag\u00e8re et de d\u00e9ploiement des \u00e9nergies renouvelables.<\/strong><\/mark><\/p>\n\n\n\n<p class=\"has-black-color has-text-color has-link-color has-small-font-size wp-elements-21df521e83aecbe1cf20b79cbccb137d\" style=\"font-style:normal;font-weight:400\"><strong>Ce travail d\u00e9butera \u00e0 l&rsquo;automne 2024 pour s&rsquo;achever d\u00e9but 2026. Il alimentera et compl\u00e8tera les documents d&rsquo;urbanisme et op\u00e9rationnels existants : SCoT ,PLU, PCAET, etc.<\/strong><\/p>\n\n\n\n<p class=\"has-text-align-center has-medium-font-size\" style=\"font-style:normal;font-weight:200\"><img loading=\"lazy\" decoding=\"async\" width=\"582\" height=\"397\" class=\"wp-image-887\" style=\"width: 600px\" src=\"https:\/\/www.scot-saonedombes.fr\/la-dombes\/wp-content\/uploads\/sites\/4\/2024\/11\/ph1.png\" alt=\"\" srcset=\"https:\/\/www.scot-saonedombes.fr\/la-dombes\/wp-content\/uploads\/sites\/4\/2024\/11\/ph1.png 582w, https:\/\/www.scot-saonedombes.fr\/la-dombes\/wp-content\/uploads\/sites\/4\/2024\/11\/ph1-480x327.png 480w\" sizes=\"(min-width: 0px) and (max-width: 480px) 480px, (min-width: 481px) 582px, 100vw\" \/><\/p>\n\n\n\n<figure class=\"wp-block-image aligncenter size-large is-resized\"><img loading=\"lazy\" decoding=\"async\" width=\"1024\" height=\"321\" src=\"https:\/\/www.scot-saonedombes.fr\/la-dombes\/wp-content\/uploads\/sites\/4\/2025\/02\/assemblage-2-1024x321.png\" alt=\"\" class=\"wp-image-966\" style=\"width:298px;height:auto\" srcset=\"https:\/\/www.scot-saonedombes.fr\/la-dombes\/wp-content\/uploads\/sites\/4\/2025\/02\/assemblage-2-980x307.png 980w, https:\/\/www.scot-saonedombes.fr\/la-dombes\/wp-content\/uploads\/sites\/4\/2025\/02\/assemblage-2-480x150.png 480w\" sizes=\"(min-width: 0px) and (max-width: 480px) 480px, (min-width: 481px) and (max-width: 980px) 980px, (min-width: 981px) 1024px, 100vw\" \/><\/figure>\n\n\n\n<p class=\"has-text-align-center has-small-font-size\" style=\"font-style:normal;font-weight:200\"><mark style=\"background-color:#ffffff\" class=\"has-inline-color has-black-color\"><\/mark><strong>En savoir + <\/strong> : <a href=\"https:\/\/www.scot-saonedombes.fr\/la-dombes\/la-demarche-paysage-du-scot-de-la-dombes\/\" data-type=\"page\" data-id=\"899\"><strong>La d\u00e9marche de strat\u00e9gie paysag\u00e8re et d\u2019implantation des \u00e9nergies renouvelables du SCoT de la Dombes<\/strong><\/a><\/p>\n\n\n\n<p><\/p>\n\n\n\n<p class=\"has-black-color has-text-color has-link-color has-medium-font-size wp-elements-7cdbff8ddc57be9e207f0cd2090b822f\" style=\"font-style:normal;font-weight:200\"><img loading=\"lazy\" decoding=\"async\" width=\"820\" height=\"512\" class=\"wp-image-684\" style=\"width: 20px\" src=\"https:\/\/www.scot-saonedombes.fr\/la-dombes\/wp-content\/uploads\/sites\/4\/2022\/11\/image.png\" alt=\"\" srcset=\"https:\/\/www.scot-saonedombes.fr\/la-dombes\/wp-content\/uploads\/sites\/4\/2022\/11\/image.png 820w, https:\/\/www.scot-saonedombes.fr\/la-dombes\/wp-content\/uploads\/sites\/4\/2022\/11\/image-480x300.png 480w\" sizes=\"(min-width: 0px) and (max-width: 480px) 480px, (min-width: 481px) 820px, 100vw\" \/><img loading=\"lazy\" decoding=\"async\" width=\"820\" height=\"512\" class=\"wp-image-684\" style=\"width: 20px\" src=\"https:\/\/www.scot-saonedombes.fr\/la-dombes\/wp-content\/uploads\/sites\/4\/2022\/11\/image.png\" alt=\"\" srcset=\"https:\/\/www.scot-saonedombes.fr\/la-dombes\/wp-content\/uploads\/sites\/4\/2022\/11\/image.png 820w, https:\/\/www.scot-saonedombes.fr\/la-dombes\/wp-content\/uploads\/sites\/4\/2022\/11\/image-480x300.png 480w\" sizes=\"(min-width: 0px) and (max-width: 480px) 480px, (min-width: 481px) 820px, 100vw\" \/><strong>La Communaut\u00e9 de communes de la Dombes \u00e9labore son Plan Local de l&rsquo;Habitat (PLH). L&rsquo;aboutissement de ce travail compl\u00e9tera le SCoT de la Dombes afin de mettre en \u0153uvre une strat\u00e9gie efficace sur le logement en r\u00e9pondant aux attentes de la population.<\/strong><\/p>\n","protected":false},"excerpt":{"rendered":"<p>ACTUALIT\u00c9S Les SCoT Dombes et Val de Sa\u00f4ne Dombes ont \u00e9labor\u00e9 leur diagnostic paysager et \u00e9nerg\u00e9tique en vue de d\u00e9finir leur strat\u00e9gie paysag\u00e8re et de d\u00e9ploiement des \u00e9nergies renouvelables. Ce travail d\u00e9butera \u00e0 l&rsquo;automne 2024 pour s&rsquo;achever d\u00e9but 2026. Il alimentera et compl\u00e8tera les documents d&rsquo;urbanisme et op\u00e9rationnels existants : SCoT ,PLU, PCAET, etc. En [&hellip;]<\/p>\n","protected":false},"author":1,"featured_media":0,"parent":0,"menu_order":0,"comment_status":"closed","ping_status":"closed","template":"","meta":{"_et_pb_use_builder":"off","_et_pb_old_content":"<!-- wp:image {\"id\":791,\"width\":\"600px\",\"height\":\"auto\",\"aspectRatio\":\"2.4\",\"scale\":\"cover\",\"sizeSlug\":\"large\",\"linkDestination\":\"none\",\"align\":\"center\"} -->\n<figure class=\"wp-block-image aligncenter size-large is-resized\"><img src=\"https:\/\/www.scot-saonedombes.fr\/la-dombes\/wp-content\/uploads\/sites\/4\/2022\/12\/nuage-de-mots-scot-dombes-1024x512.jpg\" alt=\"\" class=\"wp-image-791\" style=\"aspect-ratio:2.4;object-fit:cover;width:600px;height:auto\"\/><\/figure>\n<!-- \/wp:image -->\n\n<!-- wp:paragraph -->\n<p><\/p>\n<!-- \/wp:paragraph -->\n\n<!-- wp:heading {\"textAlign\":\"center\",\"level\":1,\"style\":{\"elements\":{\"link\":{\"color\":{\"text\":\"var:preset|color|black\"}}}},\"textColor\":\"black\",\"fontSize\":\"x-large\"} -->\n<h1 class=\"wp-block-heading has-text-align-center has-black-color has-text-color has-link-color has-x-large-font-size\"><strong>ACTUALIT\u00c9S<\/strong><\/h1>\n<!-- \/wp:heading -->\n\n<!-- wp:group -->\n<div class=\"wp-block-group\"><!-- wp:paragraph {\"align\":\"left\",\"style\":{\"typography\":{\"fontStyle\":\"normal\",\"fontWeight\":\"400\"},\"elements\":{\"link\":{\"color\":{\"text\":\"var:preset|color|black\"}}}},\"textColor\":\"black\",\"fontSize\":\"medium\"} -->\n<p class=\"has-text-align-left has-black-color has-text-color has-link-color has-medium-font-size\" style=\"font-style:normal;font-weight:400\"><strong><mark style=\"background-color:#ffffff;color:#327da9\" class=\"has-inline-color\"><\/mark><\/strong><\/p>\n<!-- \/wp:paragraph --><\/div>\n<!-- \/wp:group -->\n\n<!-- wp:paragraph {\"style\":{\"typography\":{\"fontStyle\":\"normal\",\"fontWeight\":\"200\"},\"elements\":{\"link\":{\"color\":{\"text\":\"var:preset|color|vivid-cyan-blue\"}}}},\"textColor\":\"vivid-cyan-blue\",\"fontSize\":\"medium\"} -->\n<p class=\"has-vivid-cyan-blue-color has-text-color has-link-color has-medium-font-size\" style=\"font-style:normal;font-weight:200\"><img class=\"wp-image-684\" style=\"width: 20px\" src=\"https:\/\/www.scot-saonedombes.fr\/la-dombes\/wp-content\/uploads\/sites\/4\/2022\/11\/image.png\" alt=\"\"><mark style=\"background-color:#ffffff\" class=\"has-inline-color has-black-color\"><strong>Les SCoT Dombes et Val de Sa\u00f4ne Dombes ont \u00e9labor\u00e9 leur diagnostic paysager et \u00e9nerg\u00e9tique en vue de d\u00e9finir leur strat\u00e9gie paysag\u00e8re et de d\u00e9ploiement des \u00e9nergies renouvelables.<\/strong><\/mark><\/p>\n<!-- \/wp:paragraph -->\n\n<!-- wp:paragraph {\"style\":{\"typography\":{\"fontStyle\":\"normal\",\"fontWeight\":\"400\"},\"elements\":{\"link\":{\"color\":{\"text\":\"var:preset|color|black\"}}}},\"textColor\":\"black\",\"fontSize\":\"small\"} -->\n<p class=\"has-black-color has-text-color has-link-color has-small-font-size\" style=\"font-style:normal;font-weight:400\"><strong>Ce travail d\u00e9butera \u00e0 l'automne 2024 pour s'achever d\u00e9but 2026. Il alimentera et compl\u00e8tera les documents d'urbanisme et op\u00e9rationnels existants : SCoT ,PLU, PCAET, etc.<\/strong><\/p>\n<!-- \/wp:paragraph -->\n\n<!-- wp:paragraph {\"align\":\"center\",\"style\":{\"typography\":{\"fontStyle\":\"normal\",\"fontWeight\":\"200\"}},\"fontSize\":\"medium\"} -->\n<p class=\"has-text-align-center has-medium-font-size\" style=\"font-style:normal;font-weight:200\"><img class=\"wp-image-887\" style=\"width: 600px;\" src=\"https:\/\/www.scot-saonedombes.fr\/la-dombes\/wp-content\/uploads\/sites\/4\/2024\/11\/ph1.png\" alt=\"\"><\/p>\n<!-- \/wp:paragraph -->\n\n<!-- wp:image {\"id\":966,\"width\":\"518px\",\"height\":\"auto\",\"sizeSlug\":\"large\",\"linkDestination\":\"none\",\"align\":\"center\"} -->\n<figure class=\"wp-block-image aligncenter size-large is-resized\"><img src=\"https:\/\/www.scot-saonedombes.fr\/la-dombes\/wp-content\/uploads\/sites\/4\/2025\/02\/assemblage-2-1024x321.png\" alt=\"\" class=\"wp-image-966\" style=\"width:518px;height:auto\"\/><\/figure>\n<!-- \/wp:image -->\n\n<!-- wp:paragraph {\"align\":\"center\",\"style\":{\"typography\":{\"fontStyle\":\"normal\",\"fontWeight\":\"200\"}},\"fontSize\":\"medium\"} -->\n<p class=\"has-text-align-center has-medium-font-size\" style=\"font-style:normal;font-weight:200\"><mark style=\"background-color:#ffffff\" class=\"has-inline-color has-black-color\"><\/mark><\/p>\n<!-- \/wp:paragraph -->\n\n<!-- wp:paragraph {\"align\":\"left\",\"style\":{\"elements\":{\"link\":{\"color\":{\"text\":\"var:preset|color|black\"}}}},\"textColor\":\"black\",\"fontSize\":\"small\"} -->\n<p class=\"has-text-align-left has-black-color has-text-color has-link-color has-small-font-size\"> <strong>En savoir + <\/strong> : <a href=\"https:\/\/www.scot-saonedombes.fr\/la-dombes\/la-demarche-paysage-du-scot-de-la-dombes\/\" data-type=\"page\" data-id=\"899\"><strong>La d\u00e9marche de strat\u00e9gie paysag\u00e8re et d\u2019implantation des \u00e9nergies renouvelables du SCoT de la Dombes<\/strong><\/a><\/p>\n<!-- \/wp:paragraph -->\n\n<!-- wp:paragraph -->\n<p><\/p>\n<!-- \/wp:paragraph -->\n\n<!-- wp:paragraph {\"style\":{\"typography\":{\"fontStyle\":\"normal\",\"fontWeight\":\"200\"},\"elements\":{\"link\":{\"color\":{\"text\":\"var:preset|color|vivid-cyan-blue\"}}}},\"textColor\":\"vivid-cyan-blue\",\"fontSize\":\"medium\"} -->\n<p class=\"has-vivid-cyan-blue-color has-text-color has-link-color has-medium-font-size\" style=\"font-style:normal;font-weight:200\"><img class=\"wp-image-684\" style=\"width: 20px\" src=\"https:\/\/www.scot-saonedombes.fr\/la-dombes\/wp-content\/uploads\/sites\/4\/2022\/11\/image.png\" alt=\"\"><strong>La Communaut\u00e9 de communes de la Dombes \u00e9labore son Plan Local de l'Habitat. Ce travail compl\u00e9tera le SCoT pour mener uns strat\u00e9gie efficace sur le logement en r\u00e9pondant aux attentes de la population.<\/strong><\/p>\n<!-- \/wp:paragraph -->","_et_gb_content_width":"","footnotes":""},"class_list":["post-6","page","type-page","status-publish","hentry"],"_links":{"self":[{"href":"https:\/\/www.scot-saonedombes.fr\/la-dombes\/wp-json\/wp\/v2\/pages\/6","targetHints":{"allow":["GET"]}}],"collection":[{"href":"https:\/\/www.scot-saonedombes.fr\/la-dombes\/wp-json\/wp\/v2\/pages"}],"about":[{"href":"https:\/\/www.scot-saonedombes.fr\/la-dombes\/wp-json\/wp\/v2\/types\/page"}],"author":[{"embeddable":true,"href":"https:\/\/www.scot-saonedombes.fr\/la-dombes\/wp-json\/wp\/v2\/users\/1"}],"replies":[{"embeddable":true,"href":"https:\/\/www.scot-saonedombes.fr\/la-dombes\/wp-json\/wp\/v2\/comments?post=6"}],"version-history":[{"count":268,"href":"https:\/\/www.scot-saonedombes.fr\/la-dombes\/wp-json\/wp\/v2\/pages\/6\/revisions"}],"predecessor-version":[{"id":993,"href":"https:\/\/www.scot-saonedombes.fr\/la-dombes\/wp-json\/wp\/v2\/pages\/6\/revisions\/993"}],"wp:attachment":[{"href":"https:\/\/www.scot-saonedombes.fr\/la-dombes\/wp-json\/wp\/v2\/media?parent=6"}],"curies":[{"name":"wp","href":"https:\/\/api.w.org\/{rel}","templated":true}]}}