{"id":485,"date":"2021-02-04T15:22:21","date_gmt":"2021-02-04T14:22:21","guid":{"rendered":"https:\/\/www.scot-saonedombes.fr\/la-dombes\/?page_id=485"},"modified":"2021-02-10T17:55:49","modified_gmt":"2021-02-10T16:55:49","slug":"la-demarche-interscot","status":"publish","type":"page","link":"https:\/\/www.scot-saonedombes.fr\/la-dombes\/la-demarche-interscot\/","title":{"rendered":"Un territoire de coop\u00e9rations"},"content":{"rendered":"\n<p>Le SCOT s\u2019inscrit dans un paysage institutionnel tr\u00e8s composite dans lequel interviennent de nombreux autres acteurs<\/p>\n\n\n\n<p class=\"has-vivid-cyan-blue-color has-text-color has-medium-font-size\">Des interd\u00e9pendances fortes, des territoires compl\u00e9mentaires&#8230;.<\/p>\n\n\n\n<p>Le territoire du SCoT s&rsquo;affranchit des limites administratives. L\u2019intensit\u00e9 des \u00e9changes, l\u2019interd\u00e9pendance des bassins de vie et des p\u00f4les d\u2019emplois font exister au quotidien l\u2019espace m\u00e9tropolitain Lyon &#8211; Saint-\u00c9tienne, fort de plus de 3 360 000 habitants, l\u2019un des quinze premiers en Europe.<\/p>\n\n\n\n<p>Ces interrelations entre territoires de-meurent, en s\u2019affranchissant des limites administratives : march\u00e9s immobiliers, d\u00e9-placements domicile-travail, logiques d\u2019implantation des entreprises, syst\u00e8me alimentaire, &#8230;<\/p>\n\n\n\n<p>La compl\u00e9mentarit\u00e9 des territoires rend incontournable un dialogue permanent entre les territoires de l\u2019aire m\u00e9tropolitaine lyonnaise.<\/p>\n\n\n\n<p><\/p>\n\n\n\n<p class=\"has-vivid-cyan-blue-color has-text-color has-medium-font-size\">Les SCoT voisins<\/p>\n\n\n\n<p>Cinq SCoT mitoyens sont recens\u00e9s : SCoT du Val de Sa\u00f4ne-Dombes, SCoT de Bourg Bresse, SCoT du Bugey \u2013 C\u00f4ti\u00e8re \u2013 Plaine de l\u2019Ain, SCoT de l\u2019agglom\u00e9ration lyonnaise et SCoT Bresse \u2013 Val de Sa\u00f4ne.<\/p>\n\n\n\n<p><\/p>\n\n\n\n<p class=\"has-vivid-cyan-blue-color has-text-color has-medium-font-size\">La d\u00e9marche Interscot<\/p>\n\n\n\n<figure class=\"wp-block-image size-large\"><img loading=\"lazy\" decoding=\"async\" width=\"910\" height=\"649\" src=\"https:\/\/www.scot-saonedombes.fr\/la-dombes\/wp-content\/uploads\/sites\/4\/2021\/02\/INTERSCOT.jpg\" alt=\"\" class=\"wp-image-489\" srcset=\"https:\/\/www.scot-saonedombes.fr\/la-dombes\/wp-content\/uploads\/sites\/4\/2021\/02\/INTERSCOT.jpg 910w, https:\/\/www.scot-saonedombes.fr\/la-dombes\/wp-content\/uploads\/sites\/4\/2021\/02\/INTERSCOT-480x342.jpg 480w\" sizes=\"(min-width: 0px) and (max-width: 480px) 480px, (min-width: 481px) 910px, 100vw\" \/><\/figure>\n\n\n\n<p><\/p>\n\n\n\n<div class=\"wp-block-media-text alignwide is-stacked-on-mobile\" style=\"grid-template-columns:34% auto\"><figure class=\"wp-block-media-text__media\"><img loading=\"lazy\" decoding=\"async\" width=\"626\" height=\"841\" src=\"https:\/\/www.scot-saonedombes.fr\/la-dombes\/wp-content\/uploads\/sites\/4\/2021\/02\/logoIS.jpg\" alt=\"\" class=\"wp-image-512 size-full\" srcset=\"https:\/\/www.scot-saonedombes.fr\/la-dombes\/wp-content\/uploads\/sites\/4\/2021\/02\/logoIS.jpg 626w, https:\/\/www.scot-saonedombes.fr\/la-dombes\/wp-content\/uploads\/sites\/4\/2021\/02\/logoIS-480x645.jpg 480w\" sizes=\"(min-width: 0px) and (max-width: 480px) 480px, (min-width: 481px) 626px, 100vw\" \/><\/figure><div class=\"wp-block-media-text__content\">\n<p style=\"font-size:25px\">Pour aller plus loin : <a rel=\"noreferrer noopener\" href=\"https:\/\/www.inter-scot.fr\" target=\"_blank\">https:\/\/www.inter-scot.fr<\/a><\/p>\n<\/div><\/div>\n","protected":false},"excerpt":{"rendered":"<p>Le SCOT s\u2019inscrit dans un paysage institutionnel tr\u00e8s composite dans lequel interviennent de nombreux autres acteurs Des interd\u00e9pendances fortes, des territoires compl\u00e9mentaires&#8230;. Le territoire du SCoT s&rsquo;affranchit des limites administratives. L\u2019intensit\u00e9 des \u00e9changes, l\u2019interd\u00e9pendance des bassins de vie et des p\u00f4les d\u2019emplois font exister au quotidien l\u2019espace m\u00e9tropolitain Lyon &#8211; Saint-\u00c9tienne, fort de plus de [&hellip;]<\/p>\n","protected":false},"author":3,"featured_media":0,"parent":0,"menu_order":0,"comment_status":"closed","ping_status":"closed","template":"","meta":{"_et_pb_use_builder":"off","_et_pb_old_content":"","_et_gb_content_width":"","footnotes":""},"class_list":["post-485","page","type-page","status-publish","hentry"],"_links":{"self":[{"href":"https:\/\/www.scot-saonedombes.fr\/la-dombes\/wp-json\/wp\/v2\/pages\/485","targetHints":{"allow":["GET"]}}],"collection":[{"href":"https:\/\/www.scot-saonedombes.fr\/la-dombes\/wp-json\/wp\/v2\/pages"}],"about":[{"href":"https:\/\/www.scot-saonedombes.fr\/la-dombes\/wp-json\/wp\/v2\/types\/page"}],"author":[{"embeddable":true,"href":"https:\/\/www.scot-saonedombes.fr\/la-dombes\/wp-json\/wp\/v2\/users\/3"}],"replies":[{"embeddable":true,"href":"https:\/\/www.scot-saonedombes.fr\/la-dombes\/wp-json\/wp\/v2\/comments?post=485"}],"version-history":[{"count":18,"href":"https:\/\/www.scot-saonedombes.fr\/la-dombes\/wp-json\/wp\/v2\/pages\/485\/revisions"}],"predecessor-version":[{"id":587,"href":"https:\/\/www.scot-saonedombes.fr\/la-dombes\/wp-json\/wp\/v2\/pages\/485\/revisions\/587"}],"wp:attachment":[{"href":"https:\/\/www.scot-saonedombes.fr\/la-dombes\/wp-json\/wp\/v2\/media?parent=485"}],"curies":[{"name":"wp","href":"https:\/\/api.w.org\/{rel}","templated":true}]}}