{"id":387,"date":"2021-02-03T14:16:59","date_gmt":"2021-02-03T13:16:59","guid":{"rendered":"https:\/\/www.scot-saonedombes.fr\/la-dombes\/?page_id=387"},"modified":"2022-02-15T10:54:12","modified_gmt":"2022-02-15T09:54:12","slug":"les-pieces-du-scot","status":"publish","type":"page","link":"https:\/\/www.scot-saonedombes.fr\/la-dombes\/les-pieces-du-scot\/","title":{"rendered":"Les pi\u00e8ces du SCoT"},"content":{"rendered":"\n<p class=\"has-vivid-cyan-blue-color has-text-color has-medium-font-size\">Composition du SCoT<\/p>\n\n\n\n<figure class=\"wp-block-image size-large is-resized\"><img loading=\"lazy\" decoding=\"async\" src=\"https:\/\/www.scot-saonedombes.fr\/la-dombes\/wp-content\/uploads\/sites\/4\/2021\/02\/PI7CES-DU-SCOT-1-1024x319.jpg\" alt=\"\" class=\"wp-image-417\" width=\"744\" height=\"231\"\/><\/figure>\n\n\n\n<p class=\"has-vivid-cyan-blue-color has-text-color has-medium-font-size\">T\u00e9l\u00e9chargez les pi\u00e8ces du SCoT : <\/p>\n\n\n\n<p class=\"has-black-color has-text-color\" style=\"font-size:12px\"><a href=\"https:\/\/www.scot-saonedombes.fr\/uploads\/SCoTDombes_RPTome1_VF-mars2020.pdf\" target=\"_blank\" rel=\"noreferrer noopener\">Le r<\/a><a href=\"http:\/\/scot-saonedombes.fr\/wp-content\/uploads\/SCoTDombes_RPTome1_VF-mars2020.pdf\" target=\"_blank\" rel=\"noreferrer noopener\">apport de pr\u00e9sentation Tome1<\/a><\/p>\n\n\n\n<p class=\"has-black-color has-text-color\" style=\"font-size:12px\"><a href=\"http:\/\/scot-saonedombes.fr\/uploads\/Up-27052020\/SCoTDombes_RPTome2.pdf\" data-type=\"URL\" data-id=\"scot-saonedombes.fr\/uploads\/Up-27052020\/SCoTDombes_RPTome2.pdf\" target=\"_blank\" rel=\"noreferrer noopener\">Le rapport de pr\u00e9sentation Tome 2<\/a><\/p>\n\n\n\n<p class=\"has-black-color has-text-color\" style=\"font-size:12px\"><a href=\"http:\/\/scot-saonedombes.fr\/uploads\/Up-27052020\/SCoTDombes_PADD.pdf\" data-type=\"URL\" data-id=\"scot-saonedombes.fr\/uploads\/Up-27052020\/SCoTDombes_PADD.pdf\" target=\"_blank\" rel=\"noreferrer noopener\"><em>Le projet d&rsquo;am\u00e9nagement et de d\u00e9veloppement durables<\/em><\/a> <em>(PADD)<\/em><\/p>\n\n\n\n<p class=\"has-black-color has-text-color\" style=\"font-size:12px\"><em><a href=\"http:\/\/scot-saonedombes.fr\/uploads\/Up-27052020\/SCoTDombes_DOO.pdf\" data-type=\"URL\" data-id=\"scot-saonedombes.fr\/uploads\/Up-27052020\/SCoTDombes_DOO.pdf\">Le document d\u2019orientation et d&rsquo;objectifs<\/a> (DOO)<\/em><\/p>\n\n\n\n<p class=\"has-black-color has-text-color\" style=\"font-size:12px\"><a href=\"http:\/\/scot-saonedombes.fr\/uploads\/Up-27052020\/SCoTDombes_DAAC.pdf\" data-type=\"URL\" data-id=\"scot-saonedombes.fr\/uploads\/Up-27052020\/SCoTDombes_DAAC.pdf\" target=\"_blank\" rel=\"noreferrer noopener\">Le document d&rsquo;am\u00e9nagement artisanal et commercial<\/a> <em>(DAAC)<\/em><\/p>\n\n\n\n<p class=\"has-text-align-left has-black-color has-text-color\" style=\"font-size:12px\"><em><a href=\"http:\/\/www.scot-saonedombes.fr\/uploads\/Up-27052020\/ScoTDombes_ANNEXE1.pdf\" target=\"_blank\" rel=\"noreferrer noopener\">L&rsquo;annexe 1 : le chapitre commun de l&rsquo;Interscot<\/a><\/em><\/p>\n\n\n\n<p class=\"has-black-color has-text-color\" style=\"font-size:12px\"><em><a href=\"http:\/\/www.scot-saonedombes.fr\/uploads\/Up-27052020\/ScoTDombes_ANNEXE2.pdf\" target=\"_blank\" rel=\"noreferrer noopener\">L&rsquo;annexe 2 :&nbsp; le diagnostic agricole<\/a><\/em><\/p>\n","protected":false},"excerpt":{"rendered":"<p>Composition du SCoT T\u00e9l\u00e9chargez les pi\u00e8ces du SCoT : Le rapport de pr\u00e9sentation Tome1 Le rapport de pr\u00e9sentation Tome 2 Le projet d&rsquo;am\u00e9nagement et de d\u00e9veloppement durables (PADD) Le document d\u2019orientation et d&rsquo;objectifs (DOO) Le document d&rsquo;am\u00e9nagement artisanal et commercial (DAAC) L&rsquo;annexe 1 : le chapitre commun de l&rsquo;Interscot L&rsquo;annexe 2 :&nbsp; le diagnostic agricole<\/p>\n","protected":false},"author":3,"featured_media":0,"parent":0,"menu_order":0,"comment_status":"closed","ping_status":"closed","template":"","meta":{"_et_pb_use_builder":"off","_et_pb_old_content":"<!-- wp:paragraph {\"textColor\":\"vivid-cyan-blue\",\"fontSize\":\"medium\"} -->\n<p class=\"has-vivid-cyan-blue-color has-text-color has-medium-font-size\">Composition du SCoT<\/p>\n<!-- \/wp:paragraph -->\n\n<!-- wp:image {\"id\":417,\"width\":744,\"height\":231,\"sizeSlug\":\"large\",\"linkDestination\":\"none\"} -->\n<figure class=\"wp-block-image size-large is-resized\"><img src=\"https:\/\/www.scot-saonedombes.fr\/la-dombes\/wp-content\/uploads\/sites\/4\/2021\/02\/PI7CES-DU-SCOT-1-1024x319.jpg\" alt=\"\" class=\"wp-image-417\" width=\"744\" height=\"231\" \/><\/figure>\n<!-- \/wp:image -->\n\n<!-- wp:paragraph {\"textColor\":\"vivid-cyan-blue\",\"fontSize\":\"medium\"} -->\n<p class=\"has-vivid-cyan-blue-color has-text-color has-medium-font-size\">T\u00e9l\u00e9chargez les pi\u00e8ces du SCoT : <\/p>\n<!-- \/wp:paragraph -->\n\n<!-- wp:paragraph {\"textColor\":\"black\",\"style\":{\"typography\":{\"fontSize\":12}}} -->\n<p class=\"has-black-color has-text-color\" style=\"font-size:12px\"><a href=\"https:\/\/www.scot-saonedombes.fr\/uploads\/Up-27052020\/SCoTDombes_RPTome1.pdf\" target=\"_blank\" rel=\"noreferrer noopener\">Le rapport de pr\u00e9sentation Tome1<\/a><\/p>\n<!-- \/wp:paragraph -->\n\n<!-- wp:paragraph {\"textColor\":\"black\",\"style\":{\"typography\":{\"fontSize\":12}}} -->\n<p class=\"has-black-color has-text-color\" style=\"font-size:12px\"><a href=\"http:\/\/scot-saonedombes.fr\/uploads\/Up-27052020\/SCoTDombes_RPTome2.pdf\" data-type=\"URL\" data-id=\"scot-saonedombes.fr\/uploads\/Up-27052020\/SCoTDombes_RPTome2.pdf\" target=\"_blank\" rel=\"noreferrer noopener\">Le rapport de pr\u00e9sentation Tome 2<\/a><\/p>\n<!-- \/wp:paragraph -->\n\n<!-- wp:paragraph {\"textColor\":\"black\",\"style\":{\"typography\":{\"fontSize\":12}}} -->\n<p class=\"has-black-color has-text-color\" style=\"font-size:12px\"><a href=\"http:\/\/scot-saonedombes.fr\/uploads\/Up-27052020\/SCoTDombes_PADD.pdf\" data-type=\"URL\" data-id=\"scot-saonedombes.fr\/uploads\/Up-27052020\/SCoTDombes_PADD.pdf\" target=\"_blank\" rel=\"noreferrer noopener\"><em>Le projet d'am\u00e9nagement et de d\u00e9veloppement durables<\/em><\/a> <em>(PADD)<\/em><\/p>\n<!-- \/wp:paragraph -->\n\n<!-- wp:paragraph {\"textColor\":\"black\",\"style\":{\"typography\":{\"fontSize\":12}}} -->\n<p class=\"has-black-color has-text-color\" style=\"font-size:12px\"><em><a href=\"http:\/\/scot-saonedombes.fr\/uploads\/Up-27052020\/SCoTDombes_DOO.pdf\" data-type=\"URL\" data-id=\"scot-saonedombes.fr\/uploads\/Up-27052020\/SCoTDombes_DOO.pdf\">Le document d\u2019orientation et d'objectifs<\/a> (DOO)<\/em><\/p>\n<!-- \/wp:paragraph -->\n\n<!-- wp:paragraph {\"textColor\":\"black\",\"style\":{\"typography\":{\"fontSize\":12}}} -->\n<p class=\"has-black-color has-text-color\" style=\"font-size:12px\"><a href=\"http:\/\/scot-saonedombes.fr\/uploads\/Up-27052020\/SCoTDombes_DAAC.pdf\" data-type=\"URL\" data-id=\"scot-saonedombes.fr\/uploads\/Up-27052020\/SCoTDombes_DAAC.pdf\" target=\"_blank\" rel=\"noreferrer noopener\">Le document d'am\u00e9nagement artisanal et commercial<\/a> <em>(DAAC)<\/em><\/p>\n<!-- \/wp:paragraph -->\n\n<!-- wp:paragraph {\"align\":\"left\",\"textColor\":\"black\",\"style\":{\"typography\":{\"fontSize\":12}}} -->\n<p class=\"has-text-align-left has-black-color has-text-color\" style=\"font-size:12px\"><em><a href=\"http:\/\/www.scot-saonedombes.fr\/uploads\/Up-27052020\/ScoTDombes_ANNEXE1.pdf\" target=\"_blank\" rel=\"noreferrer noopener\">L'annexe 1 : le chapitre commun de l'Interscot<\/a><\/em><\/p>\n<!-- \/wp:paragraph -->\n\n<!-- wp:paragraph {\"textColor\":\"black\",\"style\":{\"typography\":{\"fontSize\":12}}} -->\n<p class=\"has-black-color has-text-color\" style=\"font-size:12px\"><em><a href=\"http:\/\/www.scot-saonedombes.fr\/uploads\/Up-27052020\/ScoTDombes_ANNEXE2.pdf\" target=\"_blank\" rel=\"noreferrer noopener\">L'annexe 2 :\u00a0 le diagnostic agricole<\/a><\/em><\/p>\n<!-- \/wp:paragraph -->","_et_gb_content_width":"","footnotes":""},"class_list":["post-387","page","type-page","status-publish","hentry"],"_links":{"self":[{"href":"https:\/\/www.scot-saonedombes.fr\/la-dombes\/wp-json\/wp\/v2\/pages\/387","targetHints":{"allow":["GET"]}}],"collection":[{"href":"https:\/\/www.scot-saonedombes.fr\/la-dombes\/wp-json\/wp\/v2\/pages"}],"about":[{"href":"https:\/\/www.scot-saonedombes.fr\/la-dombes\/wp-json\/wp\/v2\/types\/page"}],"author":[{"embeddable":true,"href":"https:\/\/www.scot-saonedombes.fr\/la-dombes\/wp-json\/wp\/v2\/users\/3"}],"replies":[{"embeddable":true,"href":"https:\/\/www.scot-saonedombes.fr\/la-dombes\/wp-json\/wp\/v2\/comments?post=387"}],"version-history":[{"count":20,"href":"https:\/\/www.scot-saonedombes.fr\/la-dombes\/wp-json\/wp\/v2\/pages\/387\/revisions"}],"predecessor-version":[{"id":653,"href":"https:\/\/www.scot-saonedombes.fr\/la-dombes\/wp-json\/wp\/v2\/pages\/387\/revisions\/653"}],"wp:attachment":[{"href":"https:\/\/www.scot-saonedombes.fr\/la-dombes\/wp-json\/wp\/v2\/media?parent=387"}],"curies":[{"name":"wp","href":"https:\/\/api.w.org\/{rel}","templated":true}]}}