{"id":32,"date":"2020-12-03T14:07:30","date_gmt":"2020-12-03T13:07:30","guid":{"rendered":"http:\/\/www.www.scot-saonedombes.fr\/la-dombes\/?page_id=32"},"modified":"2021-02-04T11:28:14","modified_gmt":"2021-02-04T10:28:14","slug":"les-etapes","status":"publish","type":"page","link":"https:\/\/www.scot-saonedombes.fr\/la-dombes\/le-projet\/les-etapes\/","title":{"rendered":"Chronologie des \u00e9tapes cl\u00e9s du SCoT"},"content":{"rendered":"\n<p class=\"has-vivid-cyan-blue-color has-text-color has-medium-font-size\">Cr\u00e9ation du sch\u00e9ma directeur de la Dombes <\/p>\n\n\n\n<p>A l&rsquo;origine les \u00e9lus des 29 communes de la Dombes se sont engag\u00e9s dans une d\u00e9marche de planification intercommunale d\u00e8s 1997 et ont entrepris l&rsquo;\u00e9laboration d&rsquo;un Sch\u00e9ma Directeur. <\/p>\n\n\n\n<p>L<strong>e \u00ab&nbsp;Syndicat du sch\u00e9ma directeur de la Dombes&nbsp;\u00bb a \u00e9t\u00e9 cr\u00e9\u00e9 en novembre 1998.<\/strong>&nbsp;<\/p>\n\n\n\n<p><\/p>\n\n\n\n<p class=\"has-vivid-cyan-blue-color has-text-color has-medium-font-size\">Elaboration du livre blanc<\/p>\n\n\n\n<p>Suite \u00e0 l\u2019entr\u00e9e en vigueur de la loi solidarit\u00e9 et renouvellement urbain (<strong>SRU<\/strong>) du 13 d\u00e9cembre 2000,  le syndicat devient \u00ab&nbsp;Syndicat mixte du SCOT de la Dombes&nbsp;\u00bb.  En 2000 l&rsquo;\u00e9laboration d&rsquo;un \u00ab&nbsp;livre blanc&nbsp;\u00bb est lanc\u00e9e avec&nbsp;<strong>3 objectifs majeures<\/strong>&nbsp;: <\/p>\n\n\n\n<p>\u00ab Freiner la pression lyonnaise \u00bb,&nbsp; \u00ab Ma\u00eetriser l&rsquo;urbanisation \u00bb , \u00ab Pr\u00e9server l&rsquo;identit\u00e9 dombiste \u00bb.<\/p>\n\n\n\n<p><\/p>\n\n\n\n<p class=\"has-vivid-cyan-blue-color has-text-color has-medium-font-size\">Approbation du Sch\u00e9ma de Coh\u00e9rence Territoriale  \u00ab\u00a0V1\u00a0\u00bb<\/p>\n\n\n\n<p>Le Sch\u00e9ma de Coh\u00e9rence Territoriale, dans sa 1\u00e8re  version, a \u00e9t\u00e9 approuv\u00e9 par d\u00e9lib\u00e9ration du comit\u00e9 syndical du SCoT le&nbsp;19 juillet 2006. <\/p>\n\n\n\n<p><\/p>\n\n\n\n<p class=\"has-vivid-cyan-blue-color has-text-color has-medium-font-size\">Modification du SCOT<\/p>\n\n\n\n<p>Engag\u00e9e en novembre 2008, la&nbsp;proc\u00e9dure de modification du SCOT, visant \u00e0 rendre ses dispositions compatibles avec la DTA de l&rsquo;aire m\u00e9tropolitaine lyonnaise, a \u00e9t\u00e9 approuv\u00e9e le 2 mars 2010.<\/p>\n\n\n\n<p><\/p>\n\n\n\n<p class=\"has-vivid-cyan-blue-color has-text-color has-medium-font-size\">\u00c9volution du p\u00e9rim\u00e8tre  <\/p>\n\n\n\n<p>Suite \u00e0 l&rsquo;arr\u00eat\u00e9 pr\u00e9fectoral du 24 octobre 2014, 7 communes ont rejoint le SCoT : Sulignat, Villette-sur-Ain, Chaneins, Condeissiat, Ch\u00e2tillon-la-Palud,Neuville-les-Dames et Valeins. Ce sont d\u00e9sormais 36 communes qui composent ce territoire.<\/p>\n\n\n\n<p><\/p>\n\n\n\n<p class=\"has-vivid-cyan-blue-color has-text-color has-medium-font-size\">Dissolution du syndicat mixte du SCoT<\/p>\n\n\n\n<p>Les anciennes communaut\u00e9s de communes Chalaronne Centre, Centre Dombes et Canton de Chalamont ont fusionn\u00e9 en une seule communaut\u00e9 de communes de la Dombes, le 1er janvier 2017. Le SCoT est d\u00e9sormais port\u00e9 par le communaut\u00e9 de communes de la Dombes conform\u00e9ment \u00e0 l&rsquo;article L5721-7 du code g\u00e9n\u00e9ral des collectivit\u00e9s territoriales.<\/p>\n\n\n\n<p><\/p>\n\n\n\n<p class=\"has-vivid-cyan-blue-color has-text-color has-medium-font-size\">Analyse de la mise en \u0153uvre du SCoT <\/p>\n\n\n\n<p>Conform\u00e9ment aux dispositions du code de l&rsquo;urbanisme, le syndicat mixte du SCoT a proc\u00e9d\u00e9 \u00e0 une analyse des r\u00e9sultats de l&rsquo;application du sch\u00e9ma en 2013-2014. Suite \u00e0 ce travail les \u00e9lus ont d\u00e9cid\u00e9 de mettre le SCoT en r\u00e9vision.<\/p>\n\n\n\n<p><\/p>\n\n\n\n<p class=\"has-vivid-cyan-blue-color has-text-color has-medium-font-size\">R\u00e9vision du SCoT<\/p>\n\n\n\n<p>Par une d\u00e9lib\u00e9ration en date du 4 f\u00e9vrier 2014 les \u00e9lus ont d\u00e9cid\u00e9 de r\u00e9viser le SCoT de la Dombes. Le SCoT \u00ab\u00a0V2\u00a0\u00bb a \u00e9t\u00e9 approuv\u00e9 le 05 mars 2020 par le conseil communautaire de la Dombes.<\/p>\n","protected":false},"excerpt":{"rendered":"<p>Cr\u00e9ation du sch\u00e9ma directeur de la Dombes A l&rsquo;origine les \u00e9lus des 29 communes de la Dombes se sont engag\u00e9s dans une d\u00e9marche de planification intercommunale d\u00e8s 1997 et ont entrepris l&rsquo;\u00e9laboration d&rsquo;un Sch\u00e9ma Directeur. Le \u00ab&nbsp;Syndicat du sch\u00e9ma directeur de la Dombes&nbsp;\u00bb a \u00e9t\u00e9 cr\u00e9\u00e9 en novembre 1998.&nbsp; Elaboration du livre blanc Suite \u00e0 [&hellip;]<\/p>\n","protected":false},"author":1,"featured_media":0,"parent":30,"menu_order":0,"comment_status":"closed","ping_status":"closed","template":"","meta":{"_et_pb_use_builder":"off","_et_pb_old_content":"","_et_gb_content_width":"","footnotes":""},"class_list":["post-32","page","type-page","status-publish","hentry"],"_links":{"self":[{"href":"https:\/\/www.scot-saonedombes.fr\/la-dombes\/wp-json\/wp\/v2\/pages\/32","targetHints":{"allow":["GET"]}}],"collection":[{"href":"https:\/\/www.scot-saonedombes.fr\/la-dombes\/wp-json\/wp\/v2\/pages"}],"about":[{"href":"https:\/\/www.scot-saonedombes.fr\/la-dombes\/wp-json\/wp\/v2\/types\/page"}],"author":[{"embeddable":true,"href":"https:\/\/www.scot-saonedombes.fr\/la-dombes\/wp-json\/wp\/v2\/users\/1"}],"replies":[{"embeddable":true,"href":"https:\/\/www.scot-saonedombes.fr\/la-dombes\/wp-json\/wp\/v2\/comments?post=32"}],"version-history":[{"count":11,"href":"https:\/\/www.scot-saonedombes.fr\/la-dombes\/wp-json\/wp\/v2\/pages\/32\/revisions"}],"predecessor-version":[{"id":450,"href":"https:\/\/www.scot-saonedombes.fr\/la-dombes\/wp-json\/wp\/v2\/pages\/32\/revisions\/450"}],"up":[{"embeddable":true,"href":"https:\/\/www.scot-saonedombes.fr\/la-dombes\/wp-json\/wp\/v2\/pages\/30"}],"wp:attachment":[{"href":"https:\/\/www.scot-saonedombes.fr\/la-dombes\/wp-json\/wp\/v2\/media?parent=32"}],"curies":[{"name":"wp","href":"https:\/\/api.w.org\/{rel}","templated":true}]}}