{"id":30,"date":"2020-12-03T14:07:00","date_gmt":"2020-12-03T13:07:00","guid":{"rendered":"http:\/\/www.www.scot-saonedombes.fr\/la-dombes\/?page_id=30"},"modified":"2021-02-04T12:39:35","modified_gmt":"2021-02-04T11:39:35","slug":"le-projet","status":"publish","type":"page","link":"https:\/\/www.scot-saonedombes.fr\/la-dombes\/le-projet\/","title":{"rendered":"Le projet"},"content":{"rendered":"\n<p class=\"has-vivid-cyan-blue-color has-text-color has-medium-font-size\">Organisation du territoire <\/p>\n\n\n\n<p>Le territoire d\u00e9finit des niveaux de polarit\u00e9s \u00e0 partir d\u2019une triple analyse :<\/p>\n\n\n\n<ul class=\"wp-block-list\"><li><strong>Fonctionnelle<\/strong>, en rapprochant le poids de population des caract\u00e9ristiques d\u00e9mographiques des communes mais \u00e9galement au regard de leur niveau d\u2019\u00e9quipement en mati\u00e8re d\u2019acc\u00e8s aux services et aux transports collectifs.<\/li><li><strong>G\u00e9ographique<\/strong>, au regard des situations<ins>,<\/ins> positionnements et influences entre-elles et avec les territoires voisins, des 36 communes du territoire.<\/li><li><strong>Urbaine<\/strong>, \u00e0 partir des caract\u00e9ristiques observ\u00e9es sur chaque commune en mati\u00e8re de d\u00e9veloppement urbain, de densit\u00e9 et de formes d\u2019habitat.<\/li><\/ul>\n\n\n\n<p>Ces niveaux de polarit\u00e9s regroupent les communes partageant des similitudes en mati\u00e8re de d\u00e9mographie, d\u2019habitat, de mobilit\u00e9, d\u2019urbanisation au sein du territoire. <\/p>\n\n\n\n<figure class=\"wp-block-image size-large is-resized\"><img loading=\"lazy\" decoding=\"async\" src=\"https:\/\/www.scot-saonedombes.fr\/la-dombes\/wp-content\/uploads\/sites\/4\/2021\/02\/armature.jpg\" alt=\"\" class=\"wp-image-316\" width=\"678\" height=\"452\" srcset=\"https:\/\/www.scot-saonedombes.fr\/la-dombes\/wp-content\/uploads\/sites\/4\/2021\/02\/armature.jpg 678w, https:\/\/www.scot-saonedombes.fr\/la-dombes\/wp-content\/uploads\/sites\/4\/2021\/02\/armature-480x320.jpg 480w\" sizes=\"(min-width: 0px) and (max-width: 480px) 480px, (min-width: 481px) 678px, 100vw\" \/><\/figure>\n\n\n\n<p><\/p>\n\n\n\n<p><strong>Ce d\u00e9coupage prend en compte et met en \u00e9vidence les sp\u00e9cificit\u00e9s des communes au sein du territoire mais ne pr\u00e9sage pas de la mise en place ult\u00e9rieure d\u2019infra-territoires, correspondant au projet politique, ou de plans de secteurs.<\/strong><\/p>\n\n\n\n<p><\/p>\n\n\n\n<p><\/p>\n\n\n\n<p class=\"has-vivid-cyan-blue-color has-text-color has-medium-font-size\">Les objectifs majeurs du projet<\/p>\n\n\n\n<figure class=\"wp-block-image size-large\"><img loading=\"lazy\" decoding=\"async\" width=\"810\" height=\"527\" src=\"https:\/\/www.scot-saonedombes.fr\/la-dombes\/wp-content\/uploads\/sites\/4\/2021\/02\/le-proje1-1.jpg\" alt=\"\" class=\"wp-image-463\" srcset=\"https:\/\/www.scot-saonedombes.fr\/la-dombes\/wp-content\/uploads\/sites\/4\/2021\/02\/le-proje1-1.jpg 810w, https:\/\/www.scot-saonedombes.fr\/la-dombes\/wp-content\/uploads\/sites\/4\/2021\/02\/le-proje1-1-480x312.jpg 480w\" sizes=\"(min-width: 0px) and (max-width: 480px) 480px, (min-width: 481px) 810px, 100vw\" \/><\/figure>\n\n\n\n<figure class=\"wp-block-image size-large is-resized\"><img loading=\"lazy\" decoding=\"async\" src=\"https:\/\/www.scot-saonedombes.fr\/la-dombes\/wp-content\/uploads\/sites\/4\/2021\/02\/le-proje2-edited.jpg\" alt=\"\" class=\"wp-image-469\" width=\"800\" height=\"500\" srcset=\"https:\/\/www.scot-saonedombes.fr\/la-dombes\/wp-content\/uploads\/sites\/4\/2021\/02\/le-proje2-edited.jpg 800w, https:\/\/www.scot-saonedombes.fr\/la-dombes\/wp-content\/uploads\/sites\/4\/2021\/02\/le-proje2-edited-480x300.jpg 480w\" sizes=\"(min-width: 0px) and (max-width: 480px) 480px, (min-width: 481px) 800px, 100vw\" \/><\/figure>\n\n\n\n<p><\/p>\n\n\n\n<figure class=\"wp-block-image size-large is-resized\"><img loading=\"lazy\" decoding=\"async\" src=\"https:\/\/www.scot-saonedombes.fr\/la-dombes\/wp-content\/uploads\/sites\/4\/2021\/02\/le-projet3.jpg\" alt=\"\" class=\"wp-image-479\" width=\"808\" height=\"577\" srcset=\"https:\/\/www.scot-saonedombes.fr\/la-dombes\/wp-content\/uploads\/sites\/4\/2021\/02\/le-projet3.jpg 808w, https:\/\/www.scot-saonedombes.fr\/la-dombes\/wp-content\/uploads\/sites\/4\/2021\/02\/le-projet3-480x343.jpg 480w\" sizes=\"(min-width: 0px) and (max-width: 480px) 480px, (min-width: 481px) 808px, 100vw\" \/><\/figure>\n\n\n\n<p><\/p>\n\n\n\n<figure class=\"wp-block-image size-large is-resized\"><img loading=\"lazy\" decoding=\"async\" src=\"https:\/\/www.scot-saonedombes.fr\/la-dombes\/wp-content\/uploads\/sites\/4\/2021\/02\/le-projet4-edited.jpg\" alt=\"\" class=\"wp-image-474\" width=\"804\" height=\"603\" srcset=\"https:\/\/www.scot-saonedombes.fr\/la-dombes\/wp-content\/uploads\/sites\/4\/2021\/02\/le-projet4-edited.jpg 804w, https:\/\/www.scot-saonedombes.fr\/la-dombes\/wp-content\/uploads\/sites\/4\/2021\/02\/le-projet4-edited-480x360.jpg 480w\" sizes=\"(min-width: 0px) and (max-width: 480px) 480px, (min-width: 481px) 804px, 100vw\" \/><\/figure>\n\n\n\n<p><\/p>\n","protected":false},"excerpt":{"rendered":"<p>Organisation du territoire Le territoire d\u00e9finit des niveaux de polarit\u00e9s \u00e0 partir d\u2019une triple analyse : Fonctionnelle, en rapprochant le poids de population des caract\u00e9ristiques d\u00e9mographiques des communes mais \u00e9galement au regard de leur niveau d\u2019\u00e9quipement en mati\u00e8re d\u2019acc\u00e8s aux services et aux transports collectifs. G\u00e9ographique, au regard des situations, positionnements et influences entre-elles et [&hellip;]<\/p>\n","protected":false},"author":1,"featured_media":0,"parent":0,"menu_order":0,"comment_status":"closed","ping_status":"closed","template":"","meta":{"_et_pb_use_builder":"off","_et_pb_old_content":"","_et_gb_content_width":"","footnotes":""},"class_list":["post-30","page","type-page","status-publish","hentry"],"_links":{"self":[{"href":"https:\/\/www.scot-saonedombes.fr\/la-dombes\/wp-json\/wp\/v2\/pages\/30","targetHints":{"allow":["GET"]}}],"collection":[{"href":"https:\/\/www.scot-saonedombes.fr\/la-dombes\/wp-json\/wp\/v2\/pages"}],"about":[{"href":"https:\/\/www.scot-saonedombes.fr\/la-dombes\/wp-json\/wp\/v2\/types\/page"}],"author":[{"embeddable":true,"href":"https:\/\/www.scot-saonedombes.fr\/la-dombes\/wp-json\/wp\/v2\/users\/1"}],"replies":[{"embeddable":true,"href":"https:\/\/www.scot-saonedombes.fr\/la-dombes\/wp-json\/wp\/v2\/comments?post=30"}],"version-history":[{"count":12,"href":"https:\/\/www.scot-saonedombes.fr\/la-dombes\/wp-json\/wp\/v2\/pages\/30\/revisions"}],"predecessor-version":[{"id":482,"href":"https:\/\/www.scot-saonedombes.fr\/la-dombes\/wp-json\/wp\/v2\/pages\/30\/revisions\/482"}],"wp:attachment":[{"href":"https:\/\/www.scot-saonedombes.fr\/la-dombes\/wp-json\/wp\/v2\/media?parent=30"}],"curies":[{"name":"wp","href":"https:\/\/api.w.org\/{rel}","templated":true}]}}