{"id":15,"date":"2020-12-03T14:03:04","date_gmt":"2020-12-03T13:03:04","guid":{"rendered":"http:\/\/www.www.scot-saonedombes.fr\/la-dombes\/?page_id=15"},"modified":"2021-02-10T17:52:46","modified_gmt":"2021-02-10T16:52:46","slug":"la-structure-porteuse-du-scot","status":"publish","type":"page","link":"https:\/\/www.scot-saonedombes.fr\/la-dombes\/le-scot-de-la-dombes\/la-structure-porteuse-du-scot\/","title":{"rendered":"La structure porteuse du SCOT"},"content":{"rendered":"\n<p>Suite \u00e0 l&rsquo;arr\u00eat\u00e9 du 1er d\u00e9cembre 2016, portant cr\u00e9ation de la Communaut\u00e9 de communes de la Dombes (CCD), le syndicat mixte en charge du SCoT a \u00e9t\u00e9 dissous. <strong>C&rsquo;est la Communaut\u00e9 de Communes de la Dombes, n\u00e9e de la fusion des Communaut\u00e9s de communes du Canton de Chalamont, Centre Dombes et Chalaronne Centre, qui porte d\u00e9sormais le SCoT. <\/strong><\/p>\n\n\n\n<p> Il fait partie des comp\u00e9tences obligatoire de la Communaut\u00e9 de communes avec une commission qui lui est propre.<\/p>\n\n\n\n<p><strong>Le p\u00e9rim\u00e8tre de la CCD correspond aux 36 communes qui composent le SCoT. <\/strong><\/p>\n\n\n\n<p><\/p>\n\n\n\n<p style=\"font-size:18px\"><strong>Lien vers le site de la Communaut\u00e9 de communes de la Dombes : <a href=\"https:\/\/www.ccdombes.fr\/\">h<\/a><\/strong><a href=\"https:\/\/www.ccdombes.fr\/\">ttps:\/\/www.ccdombes.fr\/<\/a><\/p>\n\n\n\n<figure class=\"wp-block-image size-large is-resized\"><img loading=\"lazy\" decoding=\"async\" src=\"https:\/\/www.scot-saonedombes.fr\/la-dombes\/wp-content\/uploads\/sites\/4\/2021\/02\/LOGO.jpg\" alt=\"\" class=\"wp-image-330\" width=\"439\" height=\"282\" \/><\/figure>\n\n\n\n<p><\/p>\n","protected":false},"excerpt":{"rendered":"<p>Suite \u00e0 l&rsquo;arr\u00eat\u00e9 du 1er d\u00e9cembre 2016, portant cr\u00e9ation de la Communaut\u00e9 de communes de la Dombes (CCD), le syndicat mixte en charge du SCoT a \u00e9t\u00e9 dissous. C&rsquo;est la Communaut\u00e9 de Communes de la Dombes, n\u00e9e de la fusion des Communaut\u00e9s de communes du Canton de Chalamont, Centre Dombes et Chalaronne Centre, qui porte [&hellip;]<\/p>\n","protected":false},"author":1,"featured_media":0,"parent":21,"menu_order":0,"comment_status":"closed","ping_status":"closed","template":"","meta":{"_et_pb_use_builder":"off","_et_pb_old_content":"","_et_gb_content_width":"","footnotes":""},"class_list":["post-15","page","type-page","status-publish","hentry"],"_links":{"self":[{"href":"https:\/\/www.scot-saonedombes.fr\/la-dombes\/wp-json\/wp\/v2\/pages\/15","targetHints":{"allow":["GET"]}}],"collection":[{"href":"https:\/\/www.scot-saonedombes.fr\/la-dombes\/wp-json\/wp\/v2\/pages"}],"about":[{"href":"https:\/\/www.scot-saonedombes.fr\/la-dombes\/wp-json\/wp\/v2\/types\/page"}],"author":[{"embeddable":true,"href":"https:\/\/www.scot-saonedombes.fr\/la-dombes\/wp-json\/wp\/v2\/users\/1"}],"replies":[{"embeddable":true,"href":"https:\/\/www.scot-saonedombes.fr\/la-dombes\/wp-json\/wp\/v2\/comments?post=15"}],"version-history":[{"count":7,"href":"https:\/\/www.scot-saonedombes.fr\/la-dombes\/wp-json\/wp\/v2\/pages\/15\/revisions"}],"predecessor-version":[{"id":582,"href":"https:\/\/www.scot-saonedombes.fr\/la-dombes\/wp-json\/wp\/v2\/pages\/15\/revisions\/582"}],"up":[{"embeddable":true,"href":"https:\/\/www.scot-saonedombes.fr\/la-dombes\/wp-json\/wp\/v2\/pages\/21"}],"wp:attachment":[{"href":"https:\/\/www.scot-saonedombes.fr\/la-dombes\/wp-json\/wp\/v2\/media?parent=15"}],"curies":[{"name":"wp","href":"https:\/\/api.w.org\/{rel}","templated":true}]}}