{"id":104,"date":"2020-12-04T10:01:21","date_gmt":"2020-12-04T09:01:21","guid":{"rendered":"http:\/\/www.www.scot-saonedombes.fr\/la-dombes\/?page_id=104"},"modified":"2021-06-22T16:08:31","modified_gmt":"2021-06-22T14:08:31","slug":"contact","status":"publish","type":"page","link":"https:\/\/www.scot-saonedombes.fr\/la-dombes\/contact\/","title":{"rendered":"Contact"},"content":{"rendered":"\n<p><strong><img loading=\"lazy\" decoding=\"async\" alt=\"\" src=\"http:\/\/www.scot-saonedombes.fr\/uploads\/images\/CARRE%20BLEU.jpg\" width=\"10\" height=\"10\">&nbsp; Communaut\u00e9 de communes de la Dombes<\/strong><\/p>\n\n\n\n<p class=\"has-black-color has-text-color\">Service <strong>SCOT &#8211; Urbanisme<\/strong><br><strong>C\u00e9dric BONNARDEL<\/strong><br>Communaut\u00e9 de Communes de la Dombes<br>100 Avenue Foch<br>01400 Ch\u00e2tillon-sur-Chalaronne<br><strong>T\u00e9l<\/strong>\u00a0: 04 74 61\u00a093\u00a091 <br><br><strong>Courriel<\/strong>\u00a0:\u00a0scotdeladombes@ccdombes.fr<\/p>\n","protected":false},"excerpt":{"rendered":"<p>&nbsp; Communaut\u00e9 de communes de la Dombes Service SCOT &#8211; UrbanismeC\u00e9dric BONNARDELCommunaut\u00e9 de Communes de la Dombes100 Avenue Foch01400 Ch\u00e2tillon-sur-ChalaronneT\u00e9l\u00a0: 04 74 61\u00a093\u00a091 Courriel\u00a0:\u00a0scotdeladombes@ccdombes.fr<\/p>\n","protected":false},"author":1,"featured_media":0,"parent":0,"menu_order":0,"comment_status":"closed","ping_status":"closed","template":"","meta":{"_et_pb_use_builder":"off","_et_pb_old_content":"","_et_gb_content_width":"","footnotes":""},"class_list":["post-104","page","type-page","status-publish","hentry"],"_links":{"self":[{"href":"https:\/\/www.scot-saonedombes.fr\/la-dombes\/wp-json\/wp\/v2\/pages\/104","targetHints":{"allow":["GET"]}}],"collection":[{"href":"https:\/\/www.scot-saonedombes.fr\/la-dombes\/wp-json\/wp\/v2\/pages"}],"about":[{"href":"https:\/\/www.scot-saonedombes.fr\/la-dombes\/wp-json\/wp\/v2\/types\/page"}],"author":[{"embeddable":true,"href":"https:\/\/www.scot-saonedombes.fr\/la-dombes\/wp-json\/wp\/v2\/users\/1"}],"replies":[{"embeddable":true,"href":"https:\/\/www.scot-saonedombes.fr\/la-dombes\/wp-json\/wp\/v2\/comments?post=104"}],"version-history":[{"count":8,"href":"https:\/\/www.scot-saonedombes.fr\/la-dombes\/wp-json\/wp\/v2\/pages\/104\/revisions"}],"predecessor-version":[{"id":644,"href":"https:\/\/www.scot-saonedombes.fr\/la-dombes\/wp-json\/wp\/v2\/pages\/104\/revisions\/644"}],"wp:attachment":[{"href":"https:\/\/www.scot-saonedombes.fr\/la-dombes\/wp-json\/wp\/v2\/media?parent=104"}],"curies":[{"name":"wp","href":"https:\/\/api.w.org\/{rel}","templated":true}]}}